{"id":42939,"date":"2025-09-25T14:04:16","date_gmt":"2025-09-25T20:04:16","guid":{"rendered":"https:\/\/zeyco.com\/?post_type=product&#038;p=42939"},"modified":"2025-09-25T14:04:17","modified_gmt":"2025-09-25T20:04:17","slug":"forcep-infantil-n-115","status":"publish","type":"product","link":"https:\/\/pruebas.zeyco.com\/ph\/producto\/forcep-infantil-n-115\/","title":{"rendered":"Forcep Infantil N. 115"},"content":{"rendered":"[vc_row type=&#8221;in_container&#8221; full_screen_row_position=&#8221;middle&#8221; column_margin=&#8221;default&#8221; column_direction=&#8221;default&#8221; column_direction_tablet=&#8221;default&#8221; column_direction_phone=&#8221;default&#8221; scene_position=&#8221;center&#8221; text_color=&#8221;dark&#8221; text_align=&#8221;left&#8221; row_border_radius=&#8221;none&#8221; row_border_radius_applies=&#8221;bg&#8221; overflow=&#8221;visible&#8221; overlay_strength=&#8221;0.3&#8243; gradient_direction=&#8221;left_to_right&#8221; shape_divider_position=&#8221;bottom&#8221; bg_image_animation=&#8221;none&#8221;][vc_column column_padding=&#8221;no-extra-padding&#8221; column_padding_tablet=&#8221;inherit&#8221; column_padding_phone=&#8221;inherit&#8221; column_padding_position=&#8221;all&#8221; column_element_direction_desktop=&#8221;default&#8221; column_element_spacing=&#8221;default&#8221; desktop_text_alignment=&#8221;default&#8221; tablet_text_alignment=&#8221;default&#8221; phone_text_alignment=&#8221;default&#8221; background_color_opacity=&#8221;1&#8243; background_hover_color_opacity=&#8221;1&#8243; column_backdrop_filter=&#8221;none&#8221; column_shadow=&#8221;none&#8221; column_border_radius=&#8221;none&#8221; column_link_target=&#8221;_self&#8221; column_position=&#8221;default&#8221; gradient_direction=&#8221;left_to_right&#8221; overlay_strength=&#8221;0.3&#8243; width=&#8221;1\/1&#8243; tablet_width_inherit=&#8221;default&#8221; animation_type=&#8221;default&#8221; bg_image_animation=&#8221;none&#8221; border_type=&#8221;simple&#8221; column_border_width=&#8221;none&#8221; column_border_style=&#8221;solid&#8221;][vc_column_text css=&#8221;&#8221; text_direction=&#8221;default&#8221;]\n<div class=\"woocommerce-product-details__short-description\">\n<div class=\"ewa-rteLine\">MEDESY ha creado una l\u00ednea de pinzas de extracci\u00f3n con un sistema con muelle estudiado con detenimiento para los m\u00e1s peque\u00f1os.<\/div>\n<div class=\"ewa-rteLine\">Nuestros f\u00f3rceps pedi\u00e1tricos de la l\u00ednea 2600 son m\u00e1s peque\u00f1os que los f\u00f3rceps normales para extracciones en adultos. Est\u00e1n dise\u00f1ados a prop\u00f3sito para que el dentista pueda esconderlos en el interior de la palma de la mano para que la experiencia sea menos traum\u00e1tica para los pacientes m\u00e1s peque\u00f1os. La l\u00ednea 2600 est\u00e1 compuesta por f\u00f3rceps dotados de un sistema con muelle muy pr\u00e1ctico y funcional para agilizar al m\u00e1ximo los tiempos de la intervenci\u00f3n.<\/div>\n<\/div>\n<div class=\"product_meta\">\n<div class=\"ewa-rteLine\">\n<ul>\n<li class=\"ewa-rteLine\">\n<div class=\"ewa-rteLine\"><\/div>\n<\/li>\n<\/ul>\n<\/div>\n<\/div>\n[\/vc_column_text][\/vc_column][\/vc_row][vc_row type=&#8221;full_width_content&#8221; full_screen_row_position=&#8221;middle&#8221; column_margin=&#8221;default&#8221; equal_height=&#8221;yes&#8221; content_placement=&#8221;middle&#8221; column_direction=&#8221;default&#8221; column_direction_tablet=&#8221;default&#8221; column_direction_phone=&#8221;default&#8221; bg_image=&#8221;36574&#8243; bg_position=&#8221;left top&#8221; background_image_loading=&#8221;default&#8221; bg_repeat=&#8221;no-repeat&#8221; scene_position=&#8221;center&#8221; left_padding_desktop=&#8221;8%&#8221; right_padding_desktop=&#8221;8%&#8221; text_color=&#8221;dark&#8221; text_align=&#8221;left&#8221; row_border_radius=&#8221;none&#8221; row_border_radius_applies=&#8221;bg&#8221; overflow=&#8221;visible&#8221; overlay_strength=&#8221;0.3&#8243; gradient_direction=&#8221;left_to_right&#8221; shape_divider_position=&#8221;bottom&#8221; bg_image_animation=&#8221;none&#8221; parallax_bg=&#8221;true&#8221; parallax_bg_speed=&#8221;fast&#8221; gradient_type=&#8221;default&#8221; shape_type=&#8221;&#8221;][vc_column column_padding=&#8221;no-extra-padding&#8221; column_padding_tablet=&#8221;inherit&#8221; column_padding_phone=&#8221;inherit&#8221; column_padding_position=&#8221;all&#8221; column_element_direction_desktop=&#8221;default&#8221; column_element_spacing=&#8221;default&#8221; desktop_text_alignment=&#8221;default&#8221; tablet_text_alignment=&#8221;default&#8221; phone_text_alignment=&#8221;default&#8221; background_color_opacity=&#8221;1&#8243; background_hover_color_opacity=&#8221;1&#8243; column_backdrop_filter=&#8221;none&#8221; column_shadow=&#8221;none&#8221; column_border_radius=&#8221;none&#8221; column_link_target=&#8221;_self&#8221; column_position=&#8221;default&#8221; gradient_direction=&#8221;left_to_right&#8221; overlay_strength=&#8221;0.3&#8243; width=&#8221;1\/2&#8243; tablet_width_inherit=&#8221;default&#8221; animation_type=&#8221;default&#8221; enable_animation=&#8221;true&#8221; animation=&#8221;fade-in-from-right&#8221; animation_easing=&#8221;default&#8221; bg_image_animation=&#8221;none&#8221; border_type=&#8221;simple&#8221; column_border_width=&#8221;none&#8221; column_border_style=&#8221;solid&#8221; column_padding_type=&#8221;default&#8221; gradient_type=&#8221;default&#8221;][image_with_animation image_url=&#8221;36578&#8243; image_size=&#8221;full&#8221; max_width=&#8221;custom&#8221; animation_type=&#8221;entrance&#8221; animation=&#8221;None&#8221; animation_movement_type=&#8221;transform_y&#8221; hover_animation=&#8221;none&#8221; alignment=&#8221;&#8221; border_radius=&#8221;none&#8221; box_shadow=&#8221;none&#8221; image_loading=&#8221;default&#8221; max_width_custom=&#8221;85%&#8221;][\/vc_column][vc_column column_padding=&#8221;no-extra-padding&#8221; column_padding_tablet=&#8221;inherit&#8221; column_padding_phone=&#8221;inherit&#8221; column_padding_position=&#8221;all&#8221; column_element_direction_desktop=&#8221;default&#8221; column_element_spacing=&#8221;default&#8221; desktop_text_alignment=&#8221;default&#8221; tablet_text_alignment=&#8221;default&#8221; phone_text_alignment=&#8221;default&#8221; background_color_opacity=&#8221;1&#8243; background_hover_color_opacity=&#8221;1&#8243; column_backdrop_filter=&#8221;none&#8221; column_shadow=&#8221;none&#8221; column_border_radius=&#8221;none&#8221; column_link_target=&#8221;_self&#8221; column_position=&#8221;default&#8221; gradient_direction=&#8221;left_to_right&#8221; overlay_strength=&#8221;0.3&#8243; width=&#8221;1\/2&#8243; tablet_width_inherit=&#8221;default&#8221; animation_type=&#8221;default&#8221; enable_animation=&#8221;true&#8221; animation=&#8221;fade-in-from-left&#8221; animation_easing=&#8221;default&#8221; bg_image_animation=&#8221;none&#8221; border_type=&#8221;simple&#8221; column_border_width=&#8221;none&#8221; column_border_style=&#8221;solid&#8221; column_padding_type=&#8221;default&#8221; gradient_type=&#8221;default&#8221; delay=&#8221;400&#8243;][image_with_animation image_url=&#8221;36582&#8243; image_size=&#8221;full&#8221; max_width=&#8221;custom&#8221; animation_type=&#8221;entrance&#8221; animation=&#8221;None&#8221; animation_movement_type=&#8221;transform_y&#8221; hover_animation=&#8221;none&#8221; alignment=&#8221;&#8221; border_radius=&#8221;none&#8221; box_shadow=&#8221;none&#8221; image_loading=&#8221;default&#8221; max_width_custom=&#8221;85%&#8221;][\/vc_column][\/vc_row]\n","protected":false},"excerpt":{"rendered":"<div class=\"woocommerce-product-details__short-description\">\n<h6><strong>Cod. 2600\/115<\/strong><\/h6>\n<div class=\"ewa-rteLine\">MEDESY ha creado una l\u00ednea de pinzas de extracci\u00f3n con un sistema con muelle estudiado con detenimiento para los m\u00e1s peque\u00f1os.<\/div>\n<div class=\"ewa-rteLine\">Nuestros f\u00f3rceps pedi\u00e1tricos de la l\u00ednea 2600 son m\u00e1s peque\u00f1os que los f\u00f3rceps normales para extracciones en adultos. Est\u00e1n dise\u00f1ados a prop\u00f3sito para que el dentista pueda esconderlos en el interior de la palma de la mano para que la experiencia sea menos traum\u00e1tica para los pacientes m\u00e1s peque\u00f1os. La l\u00ednea 2600 est\u00e1 compuesta por f\u00f3rceps dotados de un sistema con muelle muy pr\u00e1ctico y funcional para agilizar al m\u00e1ximo los tiempos de la intervenci\u00f3n.<\/div>\n<\/div>\n<div class=\"product_meta\">\n<div class=\"ewa-rteLine\">\n<ul>\n<li class=\"ewa-rteLine\">\n<div class=\"ewa-rteLine\">Puntas con doble relieve. Para un agarre m\u00e1s profundo y seguro.<\/div>\n<\/li>\n<li class=\"ewa-rteLine\">\n<div class=\"ewa-rteLine\">Doble disco de tefl\u00f3n en la junta. Garantiza la estabilidad y minimiza la fricci\u00f3n de deslizamiento.<\/div>\n<\/li>\n<li class=\"ewa-rteLine\">\n<div class=\"ewa-rteLine\">Sistema con muelle.<\/div>\n<\/li>\n<li class=\"ewa-rteLine\">\n<div class=\"ewa-rteLine\">Dise\u00f1o reducido con respecto a la versi\u00f3n para adultos.<\/div>\n<\/li>\n<\/ul>\n<\/div>\n<\/div>\n","protected":false},"featured_media":42944,"comment_status":"closed","ping_status":"closed","template":"","meta":[],"product_brand":[557],"product_cat":[200,256,259,556,193,566,266],"product_tag":[],"class_list":{"0":"post-42939","1":"product","2":"type-product","3":"status-publish","4":"has-post-thumbnail","6":"product_brand-medesy","7":"product_cat-cirugia-oral-y-maxilofacial","8":"product_cat-estudiante","9":"product_cat-instrumentos-2","10":"product_cat-medesy","11":"product_cat-odontopediatria","12":"product_cat-odontopediatria-medesy","13":"product_cat-periodoncia-y-cirugia","15":"first","16":"instock","17":"shipping-taxable","18":"product-type-simple"},"_links":{"self":[{"href":"https:\/\/pruebas.zeyco.com\/ph\/wp-json\/wp\/v2\/product\/42939","targetHints":{"allow":["GET"]}}],"collection":[{"href":"https:\/\/pruebas.zeyco.com\/ph\/wp-json\/wp\/v2\/product"}],"about":[{"href":"https:\/\/pruebas.zeyco.com\/ph\/wp-json\/wp\/v2\/types\/product"}],"replies":[{"embeddable":true,"href":"https:\/\/pruebas.zeyco.com\/ph\/wp-json\/wp\/v2\/comments?post=42939"}],"wp:featuredmedia":[{"embeddable":true,"href":"https:\/\/pruebas.zeyco.com\/ph\/wp-json\/wp\/v2\/media\/42944"}],"wp:attachment":[{"href":"https:\/\/pruebas.zeyco.com\/ph\/wp-json\/wp\/v2\/media?parent=42939"}],"wp:term":[{"taxonomy":"product_brand","embeddable":true,"href":"https:\/\/pruebas.zeyco.com\/ph\/wp-json\/wp\/v2\/product_brand?post=42939"},{"taxonomy":"product_cat","embeddable":true,"href":"https:\/\/pruebas.zeyco.com\/ph\/wp-json\/wp\/v2\/product_cat?post=42939"},{"taxonomy":"product_tag","embeddable":true,"href":"https:\/\/pruebas.zeyco.com\/ph\/wp-json\/wp\/v2\/product_tag?post=42939"}],"curies":[{"name":"wp","href":"https:\/\/api.w.org\/{rel}","templated":true}]}}