{"id":36909,"date":"2025-06-09T11:19:21","date_gmt":"2025-06-09T17:19:21","guid":{"rendered":"https:\/\/zeyco.com\/?post_type=product&#038;p=36909"},"modified":"2025-06-09T11:25:09","modified_gmt":"2025-06-09T17:25:09","slug":"cureta-gracey-3-4","status":"publish","type":"product","link":"https:\/\/pruebas.zeyco.com\/ph\/producto\/cureta-gracey-3-4\/","title":{"rendered":"Cureta Gracey 3\/4"},"content":{"rendered":"<p>La cureta Gracey est\u00e1 dise\u00f1ada para realizar con eficacia una limpieza y un raspado de zonas espec\u00edficas. Cada cureta Gracey tiene las hojas orientadas espec\u00edficamente para tratar una zona espec\u00edfica, afiladas solo por un lado con una punta doble, una inclinada 70\u00b0 con respecto a la superficie de la ra\u00edz del diente a tratar.<\/p>\n","protected":false},"excerpt":{"rendered":"<h5>Cod. 625\/3-4.HL8<\/h5>\n<p>La cureta Gracey est\u00e1 dise\u00f1ada para realizar con eficacia una limpieza y un raspado de zonas espec\u00edficas. Cada cureta Gracey tiene las hojas orientadas espec\u00edficamente para tratar una zona espec\u00edfica, afiladas solo por un lado con una punta doble, una inclinada 70\u00b0 con respecto a la superficie de la ra\u00edz del diente a tratar.<\/p>\n<ul>\n<li class=\"ewa-rteLine\">Nueva aleaci\u00f3n de acero.<\/li>\n<li class=\"ewa-rteLine\">Las hojas permanecen afiladas mucho m\u00e1s tiempo, incluso en caso de uso prolongado.<\/li>\n<li class=\"ewa-rteLine\">Indicador de la parte afilada. Una peque\u00f1a flecha en el mango indica el lado afilado.<\/li>\n<\/ul>\n","protected":false},"featured_media":36914,"comment_status":"closed","ping_status":"closed","template":"","meta":[],"product_brand":[557],"product_cat":[259,556,199,559],"product_tag":[],"class_list":{"0":"post-36909","1":"product","2":"type-product","3":"status-publish","4":"has-post-thumbnail","6":"product_brand-medesy","7":"product_cat-instrumentos-2","8":"product_cat-medesy","9":"product_cat-periodoncia","10":"product_cat-periodoncia-medesy","12":"first","13":"instock","14":"shipping-taxable","15":"product-type-simple"},"_links":{"self":[{"href":"https:\/\/pruebas.zeyco.com\/ph\/wp-json\/wp\/v2\/product\/36909","targetHints":{"allow":["GET"]}}],"collection":[{"href":"https:\/\/pruebas.zeyco.com\/ph\/wp-json\/wp\/v2\/product"}],"about":[{"href":"https:\/\/pruebas.zeyco.com\/ph\/wp-json\/wp\/v2\/types\/product"}],"replies":[{"embeddable":true,"href":"https:\/\/pruebas.zeyco.com\/ph\/wp-json\/wp\/v2\/comments?post=36909"}],"wp:featuredmedia":[{"embeddable":true,"href":"https:\/\/pruebas.zeyco.com\/ph\/wp-json\/wp\/v2\/media\/36914"}],"wp:attachment":[{"href":"https:\/\/pruebas.zeyco.com\/ph\/wp-json\/wp\/v2\/media?parent=36909"}],"wp:term":[{"taxonomy":"product_brand","embeddable":true,"href":"https:\/\/pruebas.zeyco.com\/ph\/wp-json\/wp\/v2\/product_brand?post=36909"},{"taxonomy":"product_cat","embeddable":true,"href":"https:\/\/pruebas.zeyco.com\/ph\/wp-json\/wp\/v2\/product_cat?post=36909"},{"taxonomy":"product_tag","embeddable":true,"href":"https:\/\/pruebas.zeyco.com\/ph\/wp-json\/wp\/v2\/product_tag?post=36909"}],"curies":[{"name":"wp","href":"https:\/\/api.w.org\/{rel}","templated":true}]}}