{"id":25890,"date":"2024-01-02T14:27:14","date_gmt":"2024-01-02T20:27:14","guid":{"rendered":"https:\/\/zeyco.com\/?post_type=product&#038;p=25890"},"modified":"2024-10-04T12:59:10","modified_gmt":"2024-10-04T18:59:10","slug":"kromopansil-bite","status":"publish","type":"product","link":"https:\/\/pruebas.zeyco.com\/ph\/producto\/kromopansil-bite\/","title":{"rendered":"KromopanSil Bite"},"content":{"rendered":"","protected":false},"excerpt":{"rendered":"<p>SILIC\u00d3N POR ADICI\u00d3N, ESPEC\u00cdFICO PARA REGISTROS OCLUSALES<\/p>\n<p><strong>VENTAJAS<\/strong><\/p>\n<ul>\n<li>Tixotr\u00f3pico.<\/li>\n<li>Reproducci\u00f3n fiel de los detalles oclusivos (5 \u00b5m).<\/li>\n<li>Tiempo de fraguado r\u00e1pido.<\/li>\n<li>Indeformable \/ estable en el tiempo.<\/li>\n<li>F\u00e1cil introducci\u00f3n y remoci\u00f3n del modelo.<\/li>\n<li>Fresable.<\/li>\n<\/ul>\n<div class=\"wpb_wrapper\"><\/div>\n<p><strong>PRESENTACI\u00d3N:<\/strong><\/p>\n<ul>\n<li>2 cartuchos de 50 mL (100 mL) + 12 puntas de mezcla.<\/li>\n<\/ul>\n","protected":false},"featured_media":26020,"comment_status":"closed","ping_status":"closed","template":"","meta":[],"product_brand":[],"product_cat":[123,482],"product_tag":[],"class_list":{"0":"post-25890","1":"product","2":"type-product","3":"status-publish","4":"has-post-thumbnail","6":"product_cat-lascod","7":"product_cat-registro-de-mordida-lascod","9":"first","10":"instock","11":"shipping-taxable","12":"product-type-simple"},"_links":{"self":[{"href":"https:\/\/pruebas.zeyco.com\/ph\/wp-json\/wp\/v2\/product\/25890","targetHints":{"allow":["GET"]}}],"collection":[{"href":"https:\/\/pruebas.zeyco.com\/ph\/wp-json\/wp\/v2\/product"}],"about":[{"href":"https:\/\/pruebas.zeyco.com\/ph\/wp-json\/wp\/v2\/types\/product"}],"replies":[{"embeddable":true,"href":"https:\/\/pruebas.zeyco.com\/ph\/wp-json\/wp\/v2\/comments?post=25890"}],"wp:featuredmedia":[{"embeddable":true,"href":"https:\/\/pruebas.zeyco.com\/ph\/wp-json\/wp\/v2\/media\/26020"}],"wp:attachment":[{"href":"https:\/\/pruebas.zeyco.com\/ph\/wp-json\/wp\/v2\/media?parent=25890"}],"wp:term":[{"taxonomy":"product_brand","embeddable":true,"href":"https:\/\/pruebas.zeyco.com\/ph\/wp-json\/wp\/v2\/product_brand?post=25890"},{"taxonomy":"product_cat","embeddable":true,"href":"https:\/\/pruebas.zeyco.com\/ph\/wp-json\/wp\/v2\/product_cat?post=25890"},{"taxonomy":"product_tag","embeddable":true,"href":"https:\/\/pruebas.zeyco.com\/ph\/wp-json\/wp\/v2\/product_tag?post=25890"}],"curies":[{"name":"wp","href":"https:\/\/api.w.org\/{rel}","templated":true}]}}