{"id":25868,"date":"2024-01-02T14:30:58","date_gmt":"2024-01-02T20:30:58","guid":{"rendered":"https:\/\/zeyco.com\/?post_type=product&#038;p=25868"},"modified":"2024-10-04T12:59:10","modified_gmt":"2024-10-04T18:59:10","slug":"kromopansil-body","status":"publish","type":"product","link":"https:\/\/pruebas.zeyco.com\/ph\/producto\/kromopansil-body\/","title":{"rendered":"KromopanSil Body"},"content":{"rendered":"","protected":false},"excerpt":{"rendered":"<p class=\"p1\">SILIC\u00d3N POR ADICI\u00d3N<\/p>\n<p><strong>VENTAJAS<\/strong><\/p>\n<ul>\n<li>Silic\u00f3n por adici\u00f3n de nueva generaci\u00f3n.<\/li>\n<li>M\u00e1xima precisi\u00f3n en la detecci\u00f3n de los detalles (5 \u00b5m) incluso en ambiente h\u00famedo.<\/li>\n<li>Adaptaci\u00f3n perfecta a la forma anat\u00f3mica de las estructuras dentales y de los tejidos blandos.<\/li>\n<li>Reproducci\u00f3n de m\u00e1rgenes completos y perfectos incluso en espesores muy finos.<\/li>\n<li>Tiempo de procesamiento largo.<\/li>\n<li><span class=\"ui-provider a b c d e f g h i j k l m n o p q r s t u v w x y z ab ac ae af ag ah ai aj ak\" dir=\"ltr\">Tiempo breve de permanencia en boca.<\/span><\/li>\n<\/ul>\n<p><strong>PRESENTACI\u00d3N:<\/strong><\/p>\n<ul>\n<li>2 cartuchos de 50 mL (100 mL) + 12 puntas de mezcla.<\/li>\n<li>Disponible en consistencia light, regular o heavy.<\/li>\n<\/ul>\n","protected":false},"featured_media":25886,"comment_status":"closed","ping_status":"closed","template":"","meta":[],"product_brand":[],"product_cat":[123,481],"product_tag":[],"class_list":{"0":"post-25868","1":"product","2":"type-product","3":"status-publish","4":"has-post-thumbnail","6":"product_cat-lascod","7":"product_cat-silicona-por-adicion","9":"first","10":"instock","11":"shipping-taxable","12":"product-type-simple"},"_links":{"self":[{"href":"https:\/\/pruebas.zeyco.com\/ph\/wp-json\/wp\/v2\/product\/25868","targetHints":{"allow":["GET"]}}],"collection":[{"href":"https:\/\/pruebas.zeyco.com\/ph\/wp-json\/wp\/v2\/product"}],"about":[{"href":"https:\/\/pruebas.zeyco.com\/ph\/wp-json\/wp\/v2\/types\/product"}],"replies":[{"embeddable":true,"href":"https:\/\/pruebas.zeyco.com\/ph\/wp-json\/wp\/v2\/comments?post=25868"}],"wp:featuredmedia":[{"embeddable":true,"href":"https:\/\/pruebas.zeyco.com\/ph\/wp-json\/wp\/v2\/media\/25886"}],"wp:attachment":[{"href":"https:\/\/pruebas.zeyco.com\/ph\/wp-json\/wp\/v2\/media?parent=25868"}],"wp:term":[{"taxonomy":"product_brand","embeddable":true,"href":"https:\/\/pruebas.zeyco.com\/ph\/wp-json\/wp\/v2\/product_brand?post=25868"},{"taxonomy":"product_cat","embeddable":true,"href":"https:\/\/pruebas.zeyco.com\/ph\/wp-json\/wp\/v2\/product_cat?post=25868"},{"taxonomy":"product_tag","embeddable":true,"href":"https:\/\/pruebas.zeyco.com\/ph\/wp-json\/wp\/v2\/product_tag?post=25868"}],"curies":[{"name":"wp","href":"https:\/\/api.w.org\/{rel}","templated":true}]}}