{"id":18175,"date":"2022-02-17T11:32:49","date_gmt":"2022-02-17T17:32:49","guid":{"rendered":"https:\/\/pruebas.zeyco.com\/?post_type=product&#038;p=18175"},"modified":"2024-10-04T12:59:13","modified_gmt":"2024-10-04T18:59:13","slug":"honigum-pro-heavy","status":"publish","type":"product","link":"https:\/\/pruebas.zeyco.com\/ph\/producto\/honigum-pro-heavy\/","title":{"rendered":"Honigum Pro Heavy"},"content":{"rendered":"[vc_row type=&#8221;in_container&#8221; full_screen_row_position=&#8221;middle&#8221; column_margin=&#8221;default&#8221; column_direction=&#8221;default&#8221; column_direction_tablet=&#8221;default&#8221; column_direction_phone=&#8221;default&#8221; scene_position=&#8221;center&#8221; text_color=&#8221;dark&#8221; text_align=&#8221;left&#8221; row_border_radius=&#8221;none&#8221; row_border_radius_applies=&#8221;bg&#8221; overflow=&#8221;visible&#8221; overlay_strength=&#8221;0.3&#8243; gradient_direction=&#8221;left_to_right&#8221; shape_divider_position=&#8221;bottom&#8221; bg_image_animation=&#8221;none&#8221;][vc_column column_padding=&#8221;no-extra-padding&#8221; column_padding_tablet=&#8221;inherit&#8221; column_padding_phone=&#8221;inherit&#8221; column_padding_position=&#8221;all&#8221; column_element_direction_desktop=&#8221;default&#8221; column_element_spacing=&#8221;default&#8221; desktop_text_alignment=&#8221;default&#8221; tablet_text_alignment=&#8221;default&#8221; phone_text_alignment=&#8221;default&#8221; background_color_opacity=&#8221;1&#8243; background_hover_color_opacity=&#8221;1&#8243; column_backdrop_filter=&#8221;none&#8221; column_shadow=&#8221;none&#8221; column_border_radius=&#8221;none&#8221; column_link_target=&#8221;_self&#8221; column_position=&#8221;default&#8221; gradient_direction=&#8221;left_to_right&#8221; overlay_strength=&#8221;0.3&#8243; width=&#8221;1\/1&#8243; tablet_width_inherit=&#8221;default&#8221; animation_type=&#8221;default&#8221; bg_image_animation=&#8221;none&#8221; border_type=&#8221;simple&#8221; column_border_width=&#8221;none&#8221; column_border_style=&#8221;solid&#8221;][vc_row_inner column_margin=&#8221;default&#8221; column_direction=&#8221;default&#8221; column_direction_tablet=&#8221;default&#8221; column_direction_phone=&#8221;default&#8221; text_align=&#8221;left&#8221; row_position=&#8221;default&#8221; row_position_tablet=&#8221;inherit&#8221; row_position_phone=&#8221;inherit&#8221; overflow=&#8221;visible&#8221; pointer_events=&#8221;all&#8221;][vc_column_inner column_padding=&#8221;no-extra-padding&#8221; column_padding_tablet=&#8221;inherit&#8221; column_padding_phone=&#8221;inherit&#8221; column_padding_position=&#8221;all&#8221; column_element_direction_desktop=&#8221;default&#8221; column_element_spacing=&#8221;default&#8221; desktop_text_alignment=&#8221;default&#8221; tablet_text_alignment=&#8221;default&#8221; phone_text_alignment=&#8221;default&#8221; background_color_opacity=&#8221;1&#8243; background_hover_color_opacity=&#8221;1&#8243; column_backdrop_filter=&#8221;none&#8221; column_shadow=&#8221;none&#8221; column_border_radius=&#8221;none&#8221; column_link_target=&#8221;_self&#8221; overflow=&#8221;visible&#8221; gradient_direction=&#8221;left_to_right&#8221; overlay_strength=&#8221;0.3&#8243; width=&#8221;2\/5&#8243; tablet_width_inherit=&#8221;default&#8221; animation_type=&#8221;default&#8221; bg_image_animation=&#8221;none&#8221; border_type=&#8221;simple&#8221; column_border_width=&#8221;none&#8221; column_border_style=&#8221;solid&#8221;][\/vc_column_inner][vc_column_inner column_padding=&#8221;no-extra-padding&#8221; column_padding_tablet=&#8221;inherit&#8221; column_padding_phone=&#8221;inherit&#8221; column_padding_position=&#8221;all&#8221; column_element_direction_desktop=&#8221;default&#8221; column_element_spacing=&#8221;default&#8221; desktop_text_alignment=&#8221;default&#8221; tablet_text_alignment=&#8221;default&#8221; phone_text_alignment=&#8221;default&#8221; background_color_opacity=&#8221;1&#8243; background_hover_color_opacity=&#8221;1&#8243; column_backdrop_filter=&#8221;none&#8221; column_shadow=&#8221;none&#8221; column_border_radius=&#8221;none&#8221; column_link_target=&#8221;_self&#8221; overflow=&#8221;visible&#8221; gradient_direction=&#8221;left_to_right&#8221; overlay_strength=&#8221;0.3&#8243; width=&#8221;2\/5&#8243; tablet_width_inherit=&#8221;default&#8221; animation_type=&#8221;default&#8221; bg_image_animation=&#8221;none&#8221; border_type=&#8221;simple&#8221; column_border_width=&#8221;none&#8221; column_border_style=&#8221;solid&#8221;][vc_custom_heading text=&#8221;DISTINCIONES Y PREMIOS&#8221; font_container=&#8221;tag:h2|font_size:20|text_align:left|color:%23808080&#8243; use_theme_fonts=&#8221;yes&#8221;][image_with_animation image_url=&#8221;6965&#8243; image_size=&#8221;full&#8221; animation_type=&#8221;entrance&#8221; animation=&#8221;Fade In&#8221; animation_easing=&#8221;default&#8221; animation_movement_type=&#8221;transform_y&#8221; hover_animation=&#8221;none&#8221; alignment=&#8221;&#8221; border_radius=&#8221;none&#8221; box_shadow=&#8221;none&#8221; image_loading=&#8221;default&#8221; max_width=&#8221;100%&#8221; max_width_mobile=&#8221;default&#8221;][\/vc_column_inner][vc_column_inner column_padding=&#8221;no-extra-padding&#8221; column_padding_tablet=&#8221;inherit&#8221; column_padding_phone=&#8221;inherit&#8221; column_padding_position=&#8221;all&#8221; column_element_direction_desktop=&#8221;default&#8221; column_element_spacing=&#8221;default&#8221; desktop_text_alignment=&#8221;default&#8221; tablet_text_alignment=&#8221;default&#8221; phone_text_alignment=&#8221;default&#8221; background_color_opacity=&#8221;1&#8243; background_hover_color_opacity=&#8221;1&#8243; column_backdrop_filter=&#8221;none&#8221; column_shadow=&#8221;none&#8221; column_border_radius=&#8221;none&#8221; column_link_target=&#8221;_self&#8221; overflow=&#8221;visible&#8221; gradient_direction=&#8221;left_to_right&#8221; overlay_strength=&#8221;0.3&#8243; width=&#8221;1\/5&#8243; tablet_width_inherit=&#8221;default&#8221; animation_type=&#8221;default&#8221; bg_image_animation=&#8221;none&#8221; border_type=&#8221;simple&#8221; column_border_width=&#8221;none&#8221; column_border_style=&#8221;solid&#8221;][\/vc_column_inner][\/vc_row_inner][\/vc_column][\/vc_row][vc_row type=&#8221;full_width_background&#8221; full_screen_row_position=&#8221;middle&#8221; column_margin=&#8221;default&#8221; column_direction=&#8221;default&#8221; column_direction_tablet=&#8221;default&#8221; column_direction_phone=&#8221;default&#8221; scene_position=&#8221;center&#8221; text_color=&#8221;dark&#8221; text_align=&#8221;left&#8221; row_border_radius=&#8221;none&#8221; row_border_radius_applies=&#8221;bg&#8221; overflow=&#8221;visible&#8221; advanced_gradient_angle=&#8221;0&#8243; overlay_strength=&#8221;0.3&#8243; gradient_direction=&#8221;left_to_right&#8221; shape_divider_position=&#8221;bottom&#8221; bg_image_animation=&#8221;none&#8221; gradient_type=&#8221;default&#8221; shape_type=&#8221;&#8221;][vc_column column_padding=&#8221;padding-1-percent&#8221; column_padding_tablet=&#8221;inherit&#8221; column_padding_phone=&#8221;inherit&#8221; column_padding_position=&#8221;top-bottom&#8221; column_element_direction_desktop=&#8221;default&#8221; column_element_spacing=&#8221;default&#8221; desktop_text_alignment=&#8221;default&#8221; tablet_text_alignment=&#8221;default&#8221; phone_text_alignment=&#8221;default&#8221; sticky_content=&#8221;true&#8221; sticky_content_functionality=&#8221;js&#8221; background_color_opacity=&#8221;1&#8243; background_hover_color_opacity=&#8221;1&#8243; column_backdrop_filter=&#8221;none&#8221; column_shadow=&#8221;none&#8221; column_border_radius=&#8221;none&#8221; column_link_target=&#8221;_self&#8221; column_position=&#8221;default&#8221; advanced_gradient_angle=&#8221;0&#8243; gradient_direction=&#8221;left_to_right&#8221; overlay_strength=&#8221;0.3&#8243; width=&#8221;1\/1&#8243; tablet_width_inherit=&#8221;default&#8221; animation_type=&#8221;default&#8221; bg_image_animation=&#8221;none&#8221; border_type=&#8221;simple&#8221; column_border_width=&#8221;none&#8221; column_border_style=&#8221;solid&#8221; gradient_type=&#8221;default&#8221;][nectar_cta btn_style=&#8221;material&#8221; heading_tag=&#8221;h4&#8243; text_color=&#8221;#80bc00&#8243; link_type=&#8221;regular&#8221; alignment=&#8221;center&#8221; alignment_tablet=&#8221;default&#8221; alignment_phone=&#8221;default&#8221; display=&#8221;block&#8221; display_tablet=&#8221;inherit&#8221; display_phone=&#8221;inherit&#8221; text=&#8221;B\u00fascalo en el dep\u00f3sito de tu preferencia o para m\u00e1s informaci\u00f3n cont\u00e1ctanos&#8221; link_text=&#8221;aqu\u00ed&#8221; url=&#8221;https:\/\/pruebas.zeyco.com\/contacto\/&#8221;][\/vc_column][\/vc_row]\n","protected":false},"excerpt":{"rendered":"<hr \/>\n<p><span style=\"color: #000000;\"><strong>MATERIAL DE IMPRESI\u00d3N SUPERIOR A BASE DE SILIC\u00d3N POR ADICI\u00d3N (POLIVINILSILOXANO), CONSISTENCIA PESADA<\/strong><\/span><\/p>\n<p><span style=\"color: #808080;\"><strong>INDICACI\u00d3N<br \/>\n<\/strong><\/span><span style=\"color: #000000;\">Impresiones de coronas, puentes, incrustaciones e implantes.<\/span><\/p>\n<p><span style=\"color: #808080;\"><strong>VENTAJAS<\/strong><\/span><\/p>\n<ul>\n<li><span style=\"color: #000000;\">Alta dureza final.<\/span><\/li>\n<li><span style=\"color: #000000;\">Mezcla homog\u00e9nea sin burbujas.<\/span><\/li>\n<li><span style=\"color: #000000;\">Estabilidad dimensional.<\/span><\/li>\n<li><span style=\"color: #000000;\">Mejores propiedades reol\u00f3gicas (viscosidad y tixotrop\u00eda).<\/span><\/li>\n<li><span style=\"color: #000000;\">Excelentes propiedades hidrof\u00edlicas.<\/span><\/li>\n<li><span style=\"color: #000000;\">Ideal para impresiones de implantes y rehabilitaci\u00f3n completa.<\/span><\/li>\n<li><span style=\"color: #000000;\">Resistencia al desgarre.<\/span><\/li>\n<\/ul>\n<p><span style=\"color: #808080;\"><strong>PRESENTACI\u00d3N <\/strong><\/span><strong><br \/>\n<\/strong><span style=\"color: #000000;\">Caja con 2 cartuchos de 50 mL y 4 puntas mezcladoras.<\/span><\/p>\n","protected":false},"featured_media":18176,"comment_status":"closed","ping_status":"closed","template":"","meta":[],"product_brand":[],"product_cat":[99,460,213,219,180,195,220],"product_tag":[],"class_list":{"0":"post-18175","1":"product","2":"type-product","3":"status-publish","4":"has-post-thumbnail","6":"product_cat-dmg","7":"product_cat-honigumpro","8":"product_cat-implantologia","9":"product_cat-impresiones","10":"product_cat-materiales-de-impresion","11":"product_cat-prostodoncia","12":"product_cat-silicones-impresiones","14":"first","15":"instock","16":"shipping-taxable","17":"product-type-simple"},"_links":{"self":[{"href":"https:\/\/pruebas.zeyco.com\/ph\/wp-json\/wp\/v2\/product\/18175","targetHints":{"allow":["GET"]}}],"collection":[{"href":"https:\/\/pruebas.zeyco.com\/ph\/wp-json\/wp\/v2\/product"}],"about":[{"href":"https:\/\/pruebas.zeyco.com\/ph\/wp-json\/wp\/v2\/types\/product"}],"replies":[{"embeddable":true,"href":"https:\/\/pruebas.zeyco.com\/ph\/wp-json\/wp\/v2\/comments?post=18175"}],"wp:featuredmedia":[{"embeddable":true,"href":"https:\/\/pruebas.zeyco.com\/ph\/wp-json\/wp\/v2\/media\/18176"}],"wp:attachment":[{"href":"https:\/\/pruebas.zeyco.com\/ph\/wp-json\/wp\/v2\/media?parent=18175"}],"wp:term":[{"taxonomy":"product_brand","embeddable":true,"href":"https:\/\/pruebas.zeyco.com\/ph\/wp-json\/wp\/v2\/product_brand?post=18175"},{"taxonomy":"product_cat","embeddable":true,"href":"https:\/\/pruebas.zeyco.com\/ph\/wp-json\/wp\/v2\/product_cat?post=18175"},{"taxonomy":"product_tag","embeddable":true,"href":"https:\/\/pruebas.zeyco.com\/ph\/wp-json\/wp\/v2\/product_tag?post=18175"}],"curies":[{"name":"wp","href":"https:\/\/api.w.org\/{rel}","templated":true}]}}