{"id":16779,"date":"2021-10-26T13:03:25","date_gmt":"2021-10-26T18:03:25","guid":{"rendered":"https:\/\/pruebas.zeyco.com\/?post_type=product&#038;p=16779"},"modified":"2025-10-31T15:21:02","modified_gmt":"2025-10-31T21:21:02","slug":"agujas-zeyco-dental-desechable","status":"publish","type":"product","link":"https:\/\/pruebas.zeyco.com\/ph\/producto\/agujas-zeyco-dental-desechable\/","title":{"rendered":"Agujas Zeyco"},"content":{"rendered":"[vc_row type=&#8221;full_width_background&#8221; full_screen_row_position=&#8221;middle&#8221; column_margin=&#8221;default&#8221; column_direction=&#8221;default&#8221; column_direction_tablet=&#8221;default&#8221; column_direction_phone=&#8221;default&#8221; bg_color=&#8221;#002f87&#8243; scene_position=&#8221;center&#8221; text_color=&#8221;custom&#8221; custom_text_color=&#8221;#ffffff&#8221; text_align=&#8221;left&#8221; row_border_radius=&#8221;none&#8221; row_border_radius_applies=&#8221;bg&#8221; overflow=&#8221;visible&#8221; overlay_strength=&#8221;0.3&#8243; gradient_direction=&#8221;left_to_right&#8221; shape_divider_position=&#8221;bottom&#8221; bg_image_animation=&#8221;none&#8221; shape_type=&#8221;&#8221;][vc_column column_padding=&#8221;no-extra-padding&#8221; column_padding_tablet=&#8221;inherit&#8221; column_padding_phone=&#8221;inherit&#8221; column_padding_position=&#8221;all&#8221; column_element_spacing=&#8221;default&#8221; background_color_opacity=&#8221;1&#8243; background_hover_color_opacity=&#8221;1&#8243; column_shadow=&#8221;none&#8221; column_border_radius=&#8221;none&#8221; column_link_target=&#8221;_self&#8221; column_position=&#8221;default&#8221; gradient_direction=&#8221;left_to_right&#8221; overlay_strength=&#8221;0.3&#8243; width=&#8221;1\/1&#8243; tablet_width_inherit=&#8221;default&#8221; tablet_text_alignment=&#8221;default&#8221; phone_text_alignment=&#8221;default&#8221; animation_type=&#8221;default&#8221; bg_image_animation=&#8221;none&#8221; border_type=&#8221;simple&#8221; column_border_width=&#8221;none&#8221; column_border_style=&#8221;solid&#8221;][nectar_cta btn_style=&#8221;material&#8221; heading_tag=&#8221;h4&#8243; text_color=&#8221;#80bc00&#8243; link_type=&#8221;regular&#8221; alignment=&#8221;left&#8221; alignment_tablet=&#8221;default&#8221; alignment_phone=&#8221;default&#8221; display=&#8221;block&#8221; display_tablet=&#8221;inherit&#8221; display_phone=&#8221;inherit&#8221; text=&#8221;B\u00fascalo en el dep\u00f3sito de tu preferencia o para m\u00e1s informaci\u00f3n cont\u00e1ctanos&#8221; url=&#8221;\/contacto\/&#8221; link_text=&#8221;aqu\u00ed&#8221; margin_top=&#8221;30&#8243; margin_bottom=&#8221;30&#8243;][\/vc_column][\/vc_row][vc_row type=&#8221;full_width_background&#8221; full_screen_row_position=&#8221;middle&#8221; column_margin=&#8221;none&#8221; equal_height=&#8221;yes&#8221; content_placement=&#8221;middle&#8221; column_direction=&#8221;default&#8221; column_direction_tablet=&#8221;default&#8221; column_direction_phone=&#8221;column_reverse&#8221; bg_color=&#8221;#80bc00&#8243; scene_position=&#8221;center&#8221; text_color=&#8221;custom&#8221; custom_text_color=&#8221;#ffffff&#8221; text_align=&#8221;center&#8221; row_border_radius=&#8221;none&#8221; row_border_radius_applies=&#8221;bg&#8221; overflow=&#8221;visible&#8221; overlay_strength=&#8221;0.3&#8243; gradient_direction=&#8221;left_to_right&#8221; shape_divider_position=&#8221;bottom&#8221; bg_image_animation=&#8221;none&#8221; shape_type=&#8221;&#8221;][vc_column column_padding=&#8221;no-extra-padding&#8221; column_padding_tablet=&#8221;inherit&#8221; column_padding_phone=&#8221;inherit&#8221; column_padding_position=&#8221;all&#8221; column_element_spacing=&#8221;default&#8221; background_color_opacity=&#8221;1&#8243; background_hover_color_opacity=&#8221;1&#8243; column_shadow=&#8221;none&#8221; column_border_radius=&#8221;none&#8221; column_link_target=&#8221;_self&#8221; column_position=&#8221;default&#8221; gradient_direction=&#8221;left_to_right&#8221; overlay_strength=&#8221;0.3&#8243; width=&#8221;1\/2&#8243; tablet_width_inherit=&#8221;default&#8221; tablet_text_alignment=&#8221;default&#8221; phone_text_alignment=&#8221;default&#8221; animation_type=&#8221;default&#8221; bg_image_animation=&#8221;none&#8221; border_type=&#8221;simple&#8221; column_border_width=&#8221;none&#8221; column_border_style=&#8221;solid&#8221;][image_with_animation image_url=&#8221;16690&#8243; image_size=&#8221;full&#8221; animation_type=&#8221;entrance&#8221; animation=&#8221;Fade In&#8221; hover_animation=&#8221;none&#8221; alignment=&#8221;center&#8221; border_radius=&#8221;none&#8221; box_shadow=&#8221;none&#8221; image_loading=&#8221;default&#8221; max_width=&#8221;100%&#8221; max_width_mobile=&#8221;default&#8221;][\/vc_column][vc_column column_padding=&#8221;no-extra-padding&#8221; column_padding_tablet=&#8221;inherit&#8221; column_padding_phone=&#8221;inherit&#8221; column_padding_position=&#8221;all&#8221; top_margin=&#8221;50&#8243; constrain_group_1=&#8221;yes&#8221; bottom_margin=&#8221;50&#8243; top_margin_phone=&#8221;50&#8243; bottom_margin_phone=&#8221;0&#8243; column_element_spacing=&#8221;default&#8221; centered_text=&#8221;true&#8221; background_color_opacity=&#8221;1&#8243; background_hover_color_opacity=&#8221;1&#8243; column_shadow=&#8221;none&#8221; column_border_radius=&#8221;none&#8221; column_link_target=&#8221;_self&#8221; column_position=&#8221;default&#8221; gradient_direction=&#8221;left_to_right&#8221; overlay_strength=&#8221;0.3&#8243; width=&#8221;1\/2&#8243; tablet_width_inherit=&#8221;default&#8221; tablet_text_alignment=&#8221;default&#8221; phone_text_alignment=&#8221;default&#8221; animation_type=&#8221;default&#8221; bg_image_animation=&#8221;none&#8221; border_type=&#8221;simple&#8221; column_border_width=&#8221;none&#8221; column_border_style=&#8221;solid&#8221;][image_with_animation image_url=&#8221;16710&#8243; image_size=&#8221;full&#8221; animation_type=&#8221;entrance&#8221; animation=&#8221;Fade In&#8221; hover_animation=&#8221;none&#8221; alignment=&#8221;&#8221; border_radius=&#8221;none&#8221; box_shadow=&#8221;none&#8221; image_loading=&#8221;default&#8221; max_width=&#8221;100%&#8221; max_width_mobile=&#8221;default&#8221; margin_bottom=&#8221;60px&#8221;][vc_custom_heading text=&#8221;Tecnolog\u00eda<br \/>\nde vanguardia&#8221; font_container=&#8221;tag:h1|font_size:70|text_align:center|color:%23ffffff|line_height:1.0em&#8221; use_theme_fonts=&#8221;yes&#8221; css=&#8221;.vc_custom_1634756039338{padding-right: 10px !important;padding-bottom: 20px !important;padding-left: 10px !important;}&#8221;][vc_column_text el_class=&#8221;intro&#8221; max_width=&#8221;550&#8243; css=&#8221;.vc_custom_1634755713938{padding-right: 20px !important;padding-bottom: 40px !important;padding-left: 20px !important;}&#8221;]M\u00e1s de 40 a\u00f1os de experiencia con altos est\u00e1ndares de calidad. Nos dedicamos a la manufactura y distribuci\u00f3n de <strong>anest\u00e9sicos locales<\/strong>, entre otros productos que satisfacen las diferentes necesidades de los profesionales de la salud.[\/vc_column_text][divider line_type=&#8221;No Line&#8221; custom_height=&#8221;1px&#8221;][nectar_btn size=&#8221;small&#8221; constrain_group_2=&#8221;yes&#8221; button_style=&#8221;regular&#8221; button_color_2=&#8221;Extra-Color-2&#8243; color_override=&#8221;#ffffff&#8221; solid_text_color_override=&#8221;#002f87&#8243; icon_family=&#8221;none&#8221; el_class=&#8221;boton-bold&#8221; text=&#8221;ANEST\u00c9SICOS&#8221; url=&#8221;\/anestesicos-locales\/&#8221; margin_left=&#8221;10&#8243; margin_right=&#8221;10&#8243;][nectar_btn size=&#8221;small&#8221; constrain_group_2=&#8221;yes&#8221; button_style=&#8221;regular&#8221; button_color_2=&#8221;Extra-Color-2&#8243; color_override=&#8221;#ffffff&#8221; solid_text_color_override=&#8221;#002f87&#8243; icon_family=&#8221;none&#8221; el_class=&#8221;boton-bold&#8221; text=&#8221;DESINFECCI\u00d3N Y PROTECCI\u00d3N&#8221; url=&#8221;\/marcas\/zeyco\/#desinfeccion-proteccion&#8221; margin_left=&#8221;10&#8243; margin_right=&#8221;10&#8243;][nectar_btn size=&#8221;small&#8221; constrain_group_2=&#8221;yes&#8221; button_style=&#8221;regular&#8221; button_color_2=&#8221;Extra-Color-2&#8243; color_override=&#8221;#ffffff&#8221; solid_text_color_override=&#8221;#002f87&#8243; icon_family=&#8221;none&#8221; el_class=&#8221;boton-bold&#8221; text=&#8221;OTROS&#8221; url=&#8221;\/marcas\/zeyco\/#otros&#8221; margin_left=&#8221;10&#8243; margin_right=&#8221;10&#8243;][\/vc_column][\/vc_row]\n","protected":false},"excerpt":{"rendered":"<h4>Aguja dental est\u00e9ril desechable<\/h4>\n<p>&nbsp;<\/p>\n<ul>\n<li>At\u00f3xicas<\/li>\n<li>Desechable<\/li>\n<li>C\u00e1nula de acero inoxidable<\/li>\n<li>Capuch\u00f3n de polipropileno (Tapa de seguridad)<\/li>\n<li><span class=\"ui-provider gl bxh bne bxi bxj bxk bxl bxm bxn bxo bxp bxq bxr bxs bxt bxu bxv bxw bxx bxy bxz bya byb byc byd bye byf byg byh byi byj byk byl bym byn\" dir=\"ltr\">Punta biselada<\/span><\/li>\n<li>Esterilizaci\u00f3n por \u00f3xido de etileno<\/li>\n<li><span class=\"ui-provider gl bxh bne bxi bxj bxk bxl bxm bxn bxo bxp bxq bxr bxs bxt bxu bxv bxw bxx bxy bxz bya byb byc byd bye byf byg byh byi byj byk byl bym byn\" dir=\"ltr\">Siliconizada<\/span><\/li>\n<\/ul>\n<p><strong>PRESENTACI\u00d3N:<\/strong><\/p>\n<ul>\n<li>Caja con 100 agujas<\/li>\n<\/ul>\n<p><strong>MEDIDAS:<\/strong><\/p>\n<ul>\n<li>27 Corta (0.40 mm x 21 mm)<\/li>\n<li><span class=\"ui-provider gl bxh bne bxi bxj bxk bxl bxm bxn bxo bxp bxq bxr bxs bxt bxu bxv bxw bxx bxy bxz bya byb byc byd bye byf byg byh byi byj byk byl bym byn\" dir=\"ltr\">27 Larga (0.40 mm x 30 mm y 0.40 mm x 36 mm)<\/span><\/li>\n<li>30 Extra Corta (0.30 mm x 12 mm)<\/li>\n<li>30 Corta (0.30 mm x 21 mm)<\/li>\n<\/ul>\n<p>&nbsp;<\/p>\n<p>No. de Reg. San. 0189C2005 SSA<\/p>\n<p>No. de Reg. San. 2123C2016 SSA<\/p>\n<p>No. de Reg. San. 0150E2023 SSA<\/p>\n","protected":false},"featured_media":27731,"comment_status":"closed","ping_status":"closed","template":"","meta":[],"product_brand":[],"product_cat":[262,217,194,152],"product_tag":[],"class_list":{"0":"post-16779","1":"product","2":"type-product","3":"status-publish","4":"has-post-thumbnail","6":"product_cat-agujas","7":"product_cat-desechables","8":"product_cat-general","9":"product_cat-zeyco","11":"first","12":"instock","13":"featured","14":"shipping-taxable","15":"product-type-simple"},"_links":{"self":[{"href":"https:\/\/pruebas.zeyco.com\/ph\/wp-json\/wp\/v2\/product\/16779","targetHints":{"allow":["GET"]}}],"collection":[{"href":"https:\/\/pruebas.zeyco.com\/ph\/wp-json\/wp\/v2\/product"}],"about":[{"href":"https:\/\/pruebas.zeyco.com\/ph\/wp-json\/wp\/v2\/types\/product"}],"replies":[{"embeddable":true,"href":"https:\/\/pruebas.zeyco.com\/ph\/wp-json\/wp\/v2\/comments?post=16779"}],"wp:featuredmedia":[{"embeddable":true,"href":"https:\/\/pruebas.zeyco.com\/ph\/wp-json\/wp\/v2\/media\/27731"}],"wp:attachment":[{"href":"https:\/\/pruebas.zeyco.com\/ph\/wp-json\/wp\/v2\/media?parent=16779"}],"wp:term":[{"taxonomy":"product_brand","embeddable":true,"href":"https:\/\/pruebas.zeyco.com\/ph\/wp-json\/wp\/v2\/product_brand?post=16779"},{"taxonomy":"product_cat","embeddable":true,"href":"https:\/\/pruebas.zeyco.com\/ph\/wp-json\/wp\/v2\/product_cat?post=16779"},{"taxonomy":"product_tag","embeddable":true,"href":"https:\/\/pruebas.zeyco.com\/ph\/wp-json\/wp\/v2\/product_tag?post=16779"}],"curies":[{"name":"wp","href":"https:\/\/api.w.org\/{rel}","templated":true}]}}