{"id":44833,"date":"2026-01-09T13:07:53","date_gmt":"2026-01-09T19:07:53","guid":{"rendered":"https:\/\/zeyco.com\/?post_type=product&#038;p=44833"},"modified":"2026-03-05T17:16:07","modified_gmt":"2026-03-05T23:16:07","slug":"fill-magic-ortho-adhesivo-ortodontico","status":"publish","type":"product","link":"https:\/\/pruebas.zeyco.com\/en\/producto\/fill-magic-ortho-adhesivo-ortodontico\/","title":{"rendered":"Fill Magic Ortho &#8211; Adhesivo ortod\u00f3ntico (Resina para Brackets)"},"content":{"rendered":"[vc_row type=&#8221;full_width_content&#8221; full_screen_row_position=&#8221;middle&#8221; column_margin=&#8221;default&#8221; column_direction=&#8221;default&#8221; column_direction_tablet=&#8221;default&#8221; column_direction_phone=&#8221;default&#8221; scene_position=&#8221;center&#8221; text_color=&#8221;dark&#8221; text_align=&#8221;left&#8221; row_border_radius=&#8221;none&#8221; row_border_radius_applies=&#8221;bg&#8221; row_position_desktop=&#8221;default&#8221; row_position_tablet=&#8221;inherit&#8221; row_position_phone=&#8221;inherit&#8221; overflow=&#8221;visible&#8221; overlay_strength=&#8221;0.3&#8243; gradient_direction=&#8221;left_to_right&#8221; shape_divider_position=&#8221;bottom&#8221; bg_image_animation=&#8221;none&#8221; gradient_type=&#8221;default&#8221; shape_type=&#8221;&#8221;][vc_column column_padding=&#8221;no-extra-padding&#8221; column_padding_tablet=&#8221;inherit&#8221; column_padding_phone=&#8221;inherit&#8221; column_padding_position=&#8221;all&#8221; flex_gap_desktop=&#8221;10px&#8221; column_element_direction_desktop=&#8221;default&#8221; column_element_spacing=&#8221;default&#8221; desktop_text_alignment=&#8221;default&#8221; tablet_text_alignment=&#8221;default&#8221; phone_text_alignment=&#8221;default&#8221; background_color_opacity=&#8221;1&#8243; background_hover_color_opacity=&#8221;1&#8243; column_backdrop_filter=&#8221;none&#8221; column_shadow=&#8221;none&#8221; column_border_radius=&#8221;none&#8221; column_link_target=&#8221;_self&#8221; column_position=&#8221;default&#8221; gradient_direction=&#8221;left_to_right&#8221; overlay_strength=&#8221;0.3&#8243; width=&#8221;1\/1&#8243; tablet_width_inherit=&#8221;default&#8221; animation_type=&#8221;default&#8221; bg_image_animation=&#8221;none&#8221; border_type=&#8221;simple&#8221; column_border_width=&#8221;none&#8221; column_border_style=&#8221;solid&#8221;][image_with_animation image_url=&#8221;45160&#8243; image_size=&#8221;full&#8221; max_width=&#8221;100%&#8221; max_width_mobile=&#8221;default&#8221; animation_type=&#8221;entrance&#8221; animation=&#8221;None&#8221; animation_movement_type=&#8221;transform_y&#8221; hover_animation=&#8221;none&#8221; alignment=&#8221;&#8221; border_radius=&#8221;none&#8221; box_shadow=&#8221;none&#8221; image_loading=&#8221;default&#8221; img_link=&#8221;https:\/\/pruebas.zeyco.com\/categoria-producto\/vigodent\/&#8221;][\/vc_column][\/vc_row]\n","protected":false},"excerpt":{"rendered":"<h5 class=\"ewa-rteLine\">Adhesivo ortod\u00f3ntico nano-h\u00edbrido con carga para fijaci\u00f3n de brackets.<\/h5>\n<div>\n<div class=\"ewa-rteLine\">\n<ul>\n<li>Listo para usar.<\/li>\n<li>Con fl\u00faor en la composici\u00f3n para prevenir caries.<\/li>\n<li>Elimina la necesidad de usar adhesivo en el esmalte.<\/li>\n<li>F\u00e1cil de manipular y aplicar.<\/li>\n<li><span data-teams=\"true\">Adhesi\u00f3n de brackets met\u00e1licos y cer\u00e1micos a la estructura dental.<\/span><\/li>\n<\/ul>\n<\/div>\n<\/div>\n<div>Presentaci\u00f3n: 1 Jeringa con 3 g.<\/div>\n","protected":false},"featured_media":44835,"comment_status":"closed","ping_status":"closed","template":"","meta":[],"product_brand":[603],"product_cat":[604,194,214,539],"product_tag":[],"class_list":{"0":"post-44833","1":"product","2":"type-product","3":"status-publish","4":"has-post-thumbnail","6":"product_brand-vigodent","7":"product_cat-adhesivos","8":"product_cat-general","9":"product_cat-ortodoncia","10":"product_cat-vigodent","12":"first","13":"instock","14":"shipping-taxable","15":"product-type-simple"},"_links":{"self":[{"href":"https:\/\/pruebas.zeyco.com\/en\/wp-json\/wp\/v2\/product\/44833","targetHints":{"allow":["GET"]}}],"collection":[{"href":"https:\/\/pruebas.zeyco.com\/en\/wp-json\/wp\/v2\/product"}],"about":[{"href":"https:\/\/pruebas.zeyco.com\/en\/wp-json\/wp\/v2\/types\/product"}],"replies":[{"embeddable":true,"href":"https:\/\/pruebas.zeyco.com\/en\/wp-json\/wp\/v2\/comments?post=44833"}],"wp:featuredmedia":[{"embeddable":true,"href":"https:\/\/pruebas.zeyco.com\/en\/wp-json\/wp\/v2\/media\/44835"}],"wp:attachment":[{"href":"https:\/\/pruebas.zeyco.com\/en\/wp-json\/wp\/v2\/media?parent=44833"}],"wp:term":[{"taxonomy":"product_brand","embeddable":true,"href":"https:\/\/pruebas.zeyco.com\/en\/wp-json\/wp\/v2\/product_brand?post=44833"},{"taxonomy":"product_cat","embeddable":true,"href":"https:\/\/pruebas.zeyco.com\/en\/wp-json\/wp\/v2\/product_cat?post=44833"},{"taxonomy":"product_tag","embeddable":true,"href":"https:\/\/pruebas.zeyco.com\/en\/wp-json\/wp\/v2\/product_tag?post=44833"}],"curies":[{"name":"wp","href":"https:\/\/api.w.org\/{rel}","templated":true}]}}