{"id":40781,"date":"2025-07-21T13:09:36","date_gmt":"2025-07-21T19:09:36","guid":{"rendered":"https:\/\/zeyco.com\/?post_type=product&#038;p=40781"},"modified":"2025-10-22T16:02:05","modified_gmt":"2025-10-22T22:02:05","slug":"gelbux-gel-oral-bioadherente","status":"publish","type":"product","link":"https:\/\/pruebas.zeyco.com\/en\/producto\/gelbux-gel-oral-bioadherente\/","title":{"rendered":"GelBux &#8211; Gel oral Bioadherente para Lesiones Bucales"},"content":{"rendered":"[vc_row type=&#8221;in_container&#8221; full_screen_row_position=&#8221;middle&#8221; column_margin=&#8221;default&#8221; column_direction=&#8221;default&#8221; column_direction_tablet=&#8221;default&#8221; column_direction_phone=&#8221;default&#8221; scene_position=&#8221;center&#8221; text_color=&#8221;dark&#8221; text_align=&#8221;left&#8221; row_border_radius=&#8221;none&#8221; row_border_radius_applies=&#8221;bg&#8221; overflow=&#8221;visible&#8221; overlay_strength=&#8221;0.3&#8243; gradient_direction=&#8221;left_to_right&#8221; shape_divider_position=&#8221;bottom&#8221; bg_image_animation=&#8221;none&#8221;][vc_column column_padding=&#8221;no-extra-padding&#8221; column_padding_tablet=&#8221;inherit&#8221; column_padding_phone=&#8221;inherit&#8221; column_padding_position=&#8221;all&#8221; column_element_direction_desktop=&#8221;default&#8221; column_element_spacing=&#8221;default&#8221; desktop_text_alignment=&#8221;default&#8221; tablet_text_alignment=&#8221;default&#8221; phone_text_alignment=&#8221;default&#8221; background_color_opacity=&#8221;1&#8243; background_hover_color_opacity=&#8221;1&#8243; column_backdrop_filter=&#8221;none&#8221; column_shadow=&#8221;none&#8221; column_border_radius=&#8221;none&#8221; column_link_target=&#8221;_self&#8221; column_position=&#8221;default&#8221; gradient_direction=&#8221;left_to_right&#8221; overlay_strength=&#8221;0.3&#8243; width=&#8221;1\/1&#8243; tablet_width_inherit=&#8221;default&#8221; animation_type=&#8221;default&#8221; bg_image_animation=&#8221;none&#8221; border_type=&#8221;simple&#8221; column_border_width=&#8221;none&#8221; column_border_style=&#8221;solid&#8221;][vc_column_text css=&#8221;&#8221; text_direction=&#8221;default&#8221;]Coadyuvante en el tratamiento de las lesiones de la cavidad bucofar\u00edngea. Su efecto mec\u00e1nico de barrera protectora ayuda a disminuir el dolor generado por estados irritativos e inflamatorios de diversas etiolog\u00edas:<\/p>\n<ul>\n<li>Mucositis y estomatitis (que puede ser causada por quimioterapia o radioterapia).<\/li>\n<li>Irritaci\u00f3n por intervenciones quir\u00fargicas en la cavidad oral.<\/li>\n<li><span data-teams=\"true\">\u00dalceras traum\u00e1ticas causadas por aparatos de ortodoncia, dentaduras mal ajustadas o por \u00a0enfermedades como candidiasis y herpes oral.<\/span><\/li>\n<li>\u00dalceras aftosas difusas<\/li>\n<li>Sin saborizante, para mayor comodidad para pacientes con reflejo nauseoso sensible.<\/li>\n<\/ul>\n<p>&nbsp;<\/p>\n<p><strong>Indicaciones de uso, dosis y v\u00eda de administraci\u00f3n<\/strong><\/p>\n<p>GelBux\u00ae se emplea tres o cuatro veces al d\u00eda o de acuerdo a su necesidad. Se recomienda aplicar al menos 30 &#8211; 60 minutos antes de cada comida.<\/p>\n<p>Verter el contenido de un sobre en un vaso, a\u00f1adir aproximadamente de 15 a 40 mL de agua (1 &#8211; 3 cucharadas soperas) y mezclar hasta obtener una soluci\u00f3n uniforme. Con la soluci\u00f3n obtenida, enjuagar inmediatamente la boca, hacer g\u00e1rgaras para recubrir los tejidos de la cavidad bucofar\u00edngea, manteni\u00e9ndolo por lo menos durante un minuto o tanto sea posible en la lengua, el paladar, la garganta, el interior de las mejillas y completamente en todo el tejido bucal, y escupir la soluci\u00f3n.<\/p>\n<p>GelBux\u00ae puede utilizarse tambi\u00e9n sin diluir en caso de no disponer de agua. No ingerir. Desechar la cantidad de enjuague bucal no utilizada. Para ni\u00f1os menores de 6 a\u00f1os que no pueden hacer g\u00e1rgaras, GelBux\u00ae puede ser aplicado con un hisopo de algod\u00f3n.[\/vc_column_text][\/vc_column][\/vc_row]\n","protected":false},"excerpt":{"rendered":"<p>GelBux\u00ae es un gel oral bioadherente que gracias a su formulaci\u00f3n y caracter\u00edsticas forma una pel\u00edcula protectora que al adherirse a la mucosa de la cavidad bucofar\u00edngea recubre las terminaciones nerviosas, ayudando en el tratamiento de los s\u00edntomas de la mucositis y estomatitis en la cavidad bucofar\u00edngea, proporcionando a los pacientes un r\u00e1pido alivio del dolor y previniendo irritaciones mayores.<\/p>\n<ul>\n<li>Pel\u00edcula protectora<\/li>\n<li>Recubre las terminaciones nerviosas<\/li>\n<li>R\u00e1pido alivio del dolor<\/li>\n<li>Previene irritaciones mayores<\/li>\n<\/ul>\n<p><span data-teams=\"true\"><strong>PRESENTACI\u00d3N:<\/strong><\/span><\/p>\n<ul>\n<li><span data-teams=\"true\">Caja con 10 sobres de 15 ml.<\/span><\/li>\n<\/ul>\n<p>Reg. San. No. 1465C2024 SSA<\/p>\n<p><strong>DESCARGAS:<\/strong><\/p>\n<ul>\n<li><a href=\"https:\/\/pruebas.zeyco.com\/descargables\/instructivos\/zeyco\/instructivo-gelbux.pdf\" target=\"_blank\" rel=\"noopener\">Instructivo<\/a><\/li>\n<li><a href=\"https:\/\/pruebas.zeyco.com\/descargables\/instructivos\/zeyco\/ficha-tecnica-gelbux.pdf\" target=\"_blank\" rel=\"noopener\">Ficha t\u00e9cnica<\/a><\/li>\n<li><a href=\"https:\/\/pruebas.zeyco.com\/descargables\/instructivos\/zeyco\/hoja-de-seguridad-gelbux.pdf\" target=\"_blank\" rel=\"noopener\">Hoja de seguridad<\/a><\/li>\n<\/ul>\n","protected":false},"featured_media":40782,"comment_status":"closed","ping_status":"closed","template":"","meta":[],"product_brand":[542],"product_cat":[569],"product_tag":[],"class_list":{"0":"post-40781","1":"product","2":"type-product","3":"status-publish","4":"has-post-thumbnail","6":"product_brand-zeyco","7":"product_cat-gel-bioadherente-protector","9":"first","10":"instock","11":"shipping-taxable","12":"product-type-simple"},"_links":{"self":[{"href":"https:\/\/pruebas.zeyco.com\/en\/wp-json\/wp\/v2\/product\/40781","targetHints":{"allow":["GET"]}}],"collection":[{"href":"https:\/\/pruebas.zeyco.com\/en\/wp-json\/wp\/v2\/product"}],"about":[{"href":"https:\/\/pruebas.zeyco.com\/en\/wp-json\/wp\/v2\/types\/product"}],"replies":[{"embeddable":true,"href":"https:\/\/pruebas.zeyco.com\/en\/wp-json\/wp\/v2\/comments?post=40781"}],"wp:featuredmedia":[{"embeddable":true,"href":"https:\/\/pruebas.zeyco.com\/en\/wp-json\/wp\/v2\/media\/40782"}],"wp:attachment":[{"href":"https:\/\/pruebas.zeyco.com\/en\/wp-json\/wp\/v2\/media?parent=40781"}],"wp:term":[{"taxonomy":"product_brand","embeddable":true,"href":"https:\/\/pruebas.zeyco.com\/en\/wp-json\/wp\/v2\/product_brand?post=40781"},{"taxonomy":"product_cat","embeddable":true,"href":"https:\/\/pruebas.zeyco.com\/en\/wp-json\/wp\/v2\/product_cat?post=40781"},{"taxonomy":"product_tag","embeddable":true,"href":"https:\/\/pruebas.zeyco.com\/en\/wp-json\/wp\/v2\/product_tag?post=40781"}],"curies":[{"name":"wp","href":"https:\/\/api.w.org\/{rel}","templated":true}]}}