{"id":37543,"date":"2025-06-16T13:38:41","date_gmt":"2025-06-16T19:38:41","guid":{"rendered":"https:\/\/zeyco.com\/?post_type=product&#038;p=37543"},"modified":"2025-06-16T13:38:42","modified_gmt":"2025-06-16T19:38:42","slug":"elevador-recto-de-seno-maxilar-buser-n-8","status":"publish","type":"product","link":"https:\/\/pruebas.zeyco.com\/en\/producto\/elevador-recto-de-seno-maxilar-buser-n-8\/","title":{"rendered":"Elevador Recto de Seno Maxilar Buser N.8"},"content":{"rendered":"<p>Las puntas de los elevadores de seno maxilar de Medesy est\u00e1n achaflanadas con precisi\u00f3n para ser perfectamente lisas y no suponer un riesgo que pueda da\u00f1ar irreparablemente la membrana de Schneider. Los \u00fanicos con puntas afiladas son los instrumentos Buser.<\/p>\n","protected":false},"excerpt":{"rendered":"<h5>Cod. 1309\/8<\/h5>\n<p>Las puntas de los elevadores de seno maxilar de Medesy est\u00e1n achaflanadas con precisi\u00f3n para ser perfectamente lisas y no suponer un riesgo que pueda da\u00f1ar irreparablemente la membrana de Schneider. Los \u00fanicos con puntas afiladas son los instrumentos Buser.<\/p>\n<ul>\n<li class=\"ewa-rteLine\">Acero inoxidable de alta calidad.<\/li>\n<li class=\"ewa-rteLine\">Puntas rematadas a mano por nuestros artesanos.<\/li>\n<\/ul>\n","protected":false},"featured_media":37548,"comment_status":"closed","ping_status":"closed","template":"","meta":[],"product_brand":[557],"product_cat":[200,560,213,259,556,199],"product_tag":[],"class_list":{"0":"post-37543","1":"product","2":"type-product","3":"status-publish","4":"has-post-thumbnail","6":"product_brand-medesy","7":"product_cat-cirugia-oral-y-maxilofacial","8":"product_cat-cirugia-e-implantologia","9":"product_cat-implantologia","10":"product_cat-instrumentos-2","11":"product_cat-medesy","12":"product_cat-periodoncia","14":"first","15":"instock","16":"shipping-taxable","17":"product-type-simple"},"_links":{"self":[{"href":"https:\/\/pruebas.zeyco.com\/en\/wp-json\/wp\/v2\/product\/37543","targetHints":{"allow":["GET"]}}],"collection":[{"href":"https:\/\/pruebas.zeyco.com\/en\/wp-json\/wp\/v2\/product"}],"about":[{"href":"https:\/\/pruebas.zeyco.com\/en\/wp-json\/wp\/v2\/types\/product"}],"replies":[{"embeddable":true,"href":"https:\/\/pruebas.zeyco.com\/en\/wp-json\/wp\/v2\/comments?post=37543"}],"wp:featuredmedia":[{"embeddable":true,"href":"https:\/\/pruebas.zeyco.com\/en\/wp-json\/wp\/v2\/media\/37548"}],"wp:attachment":[{"href":"https:\/\/pruebas.zeyco.com\/en\/wp-json\/wp\/v2\/media?parent=37543"}],"wp:term":[{"taxonomy":"product_brand","embeddable":true,"href":"https:\/\/pruebas.zeyco.com\/en\/wp-json\/wp\/v2\/product_brand?post=37543"},{"taxonomy":"product_cat","embeddable":true,"href":"https:\/\/pruebas.zeyco.com\/en\/wp-json\/wp\/v2\/product_cat?post=37543"},{"taxonomy":"product_tag","embeddable":true,"href":"https:\/\/pruebas.zeyco.com\/en\/wp-json\/wp\/v2\/product_tag?post=37543"}],"curies":[{"name":"wp","href":"https:\/\/api.w.org\/{rel}","templated":true}]}}