{"id":36882,"date":"2025-06-09T10:49:37","date_gmt":"2025-06-09T16:49:37","guid":{"rendered":"https:\/\/zeyco.com\/?post_type=product&#038;p=36882"},"modified":"2025-07-31T09:39:09","modified_gmt":"2025-07-31T15:39:09","slug":"cureta-gracey-11-12-aluminio-negro","status":"publish","type":"product","link":"https:\/\/pruebas.zeyco.com\/en\/producto\/cureta-gracey-11-12-aluminio-negro\/","title":{"rendered":"Cureta Gracey 11\/12 Aluminio Naranja"},"content":{"rendered":"[vc_row type=&#8221;in_container&#8221; full_screen_row_position=&#8221;middle&#8221; column_margin=&#8221;default&#8221; column_direction=&#8221;default&#8221; column_direction_tablet=&#8221;default&#8221; column_direction_phone=&#8221;default&#8221; scene_position=&#8221;center&#8221; text_color=&#8221;dark&#8221; text_align=&#8221;left&#8221; row_border_radius=&#8221;none&#8221; row_border_radius_applies=&#8221;bg&#8221; overflow=&#8221;visible&#8221; overlay_strength=&#8221;0.3&#8243; gradient_direction=&#8221;left_to_right&#8221; shape_divider_position=&#8221;bottom&#8221; bg_image_animation=&#8221;none&#8221;][vc_column column_padding=&#8221;no-extra-padding&#8221; column_padding_tablet=&#8221;inherit&#8221; column_padding_phone=&#8221;inherit&#8221; column_padding_position=&#8221;all&#8221; column_element_direction_desktop=&#8221;default&#8221; column_element_spacing=&#8221;default&#8221; desktop_text_alignment=&#8221;default&#8221; tablet_text_alignment=&#8221;default&#8221; phone_text_alignment=&#8221;default&#8221; background_color_opacity=&#8221;1&#8243; background_hover_color_opacity=&#8221;1&#8243; column_backdrop_filter=&#8221;none&#8221; column_shadow=&#8221;none&#8221; column_border_radius=&#8221;none&#8221; column_link_target=&#8221;_self&#8221; column_position=&#8221;default&#8221; gradient_direction=&#8221;left_to_right&#8221; overlay_strength=&#8221;0.3&#8243; width=&#8221;1\/1&#8243; tablet_width_inherit=&#8221;default&#8221; animation_type=&#8221;default&#8221; bg_image_animation=&#8221;none&#8221; border_type=&#8221;simple&#8221; column_border_width=&#8221;none&#8221; column_border_style=&#8221;solid&#8221;][vc_column_text]La cureta Gracey est\u00e1 dise\u00f1ada para realizar con eficacia una limpieza y un raspado de zonas espec\u00edficas. Cada cureta Gracey tiene las hojas orientadas espec\u00edficamente para tratar una zona espec\u00edfica, afiladas solo por un lado con una punta doble, una inclinada 70\u00b0 con respecto a la superficie de la ra\u00edz del diente a tratar.[\/vc_column_text][\/vc_column][\/vc_row][vc_row type=&#8221;full_width_content&#8221; full_screen_row_position=&#8221;middle&#8221; column_margin=&#8221;default&#8221; equal_height=&#8221;yes&#8221; content_placement=&#8221;middle&#8221; column_direction=&#8221;default&#8221; column_direction_tablet=&#8221;default&#8221; column_direction_phone=&#8221;default&#8221; bg_image=&#8221;36574&#8243; bg_position=&#8221;left top&#8221; background_image_loading=&#8221;default&#8221; bg_repeat=&#8221;no-repeat&#8221; scene_position=&#8221;center&#8221; left_padding_desktop=&#8221;8%&#8221; right_padding_desktop=&#8221;8%&#8221; text_color=&#8221;dark&#8221; text_align=&#8221;left&#8221; row_border_radius=&#8221;none&#8221; row_border_radius_applies=&#8221;bg&#8221; overflow=&#8221;visible&#8221; overlay_strength=&#8221;0.3&#8243; gradient_direction=&#8221;left_to_right&#8221; shape_divider_position=&#8221;bottom&#8221; bg_image_animation=&#8221;none&#8221; parallax_bg=&#8221;true&#8221; parallax_bg_speed=&#8221;fast&#8221; gradient_type=&#8221;default&#8221; shape_type=&#8221;&#8221;][vc_column column_padding=&#8221;no-extra-padding&#8221; column_padding_tablet=&#8221;inherit&#8221; column_padding_phone=&#8221;inherit&#8221; column_padding_position=&#8221;all&#8221; column_element_direction_desktop=&#8221;default&#8221; column_element_spacing=&#8221;default&#8221; desktop_text_alignment=&#8221;default&#8221; tablet_text_alignment=&#8221;default&#8221; phone_text_alignment=&#8221;default&#8221; background_color_opacity=&#8221;1&#8243; background_hover_color_opacity=&#8221;1&#8243; column_backdrop_filter=&#8221;none&#8221; column_shadow=&#8221;none&#8221; column_border_radius=&#8221;none&#8221; column_link_target=&#8221;_self&#8221; column_position=&#8221;default&#8221; gradient_direction=&#8221;left_to_right&#8221; overlay_strength=&#8221;0.3&#8243; width=&#8221;1\/2&#8243; tablet_width_inherit=&#8221;default&#8221; animation_type=&#8221;default&#8221; enable_animation=&#8221;true&#8221; animation=&#8221;fade-in-from-right&#8221; animation_easing=&#8221;default&#8221; bg_image_animation=&#8221;none&#8221; border_type=&#8221;simple&#8221; column_border_width=&#8221;none&#8221; column_border_style=&#8221;solid&#8221; column_padding_type=&#8221;default&#8221; gradient_type=&#8221;default&#8221;][image_with_animation image_url=&#8221;36578&#8243; image_size=&#8221;full&#8221; max_width=&#8221;custom&#8221; animation_type=&#8221;entrance&#8221; animation=&#8221;None&#8221; animation_movement_type=&#8221;transform_y&#8221; hover_animation=&#8221;none&#8221; alignment=&#8221;&#8221; border_radius=&#8221;none&#8221; box_shadow=&#8221;none&#8221; image_loading=&#8221;default&#8221; max_width_custom=&#8221;85%&#8221;][\/vc_column][vc_column column_padding=&#8221;no-extra-padding&#8221; column_padding_tablet=&#8221;inherit&#8221; column_padding_phone=&#8221;inherit&#8221; column_padding_position=&#8221;all&#8221; column_element_direction_desktop=&#8221;default&#8221; column_element_spacing=&#8221;default&#8221; desktop_text_alignment=&#8221;default&#8221; tablet_text_alignment=&#8221;default&#8221; phone_text_alignment=&#8221;default&#8221; background_color_opacity=&#8221;1&#8243; background_hover_color_opacity=&#8221;1&#8243; column_backdrop_filter=&#8221;none&#8221; column_shadow=&#8221;none&#8221; column_border_radius=&#8221;none&#8221; column_link_target=&#8221;_self&#8221; column_position=&#8221;default&#8221; gradient_direction=&#8221;left_to_right&#8221; overlay_strength=&#8221;0.3&#8243; width=&#8221;1\/2&#8243; tablet_width_inherit=&#8221;default&#8221; animation_type=&#8221;default&#8221; enable_animation=&#8221;true&#8221; animation=&#8221;fade-in-from-left&#8221; animation_easing=&#8221;default&#8221; bg_image_animation=&#8221;none&#8221; border_type=&#8221;simple&#8221; column_border_width=&#8221;none&#8221; column_border_style=&#8221;solid&#8221; column_padding_type=&#8221;default&#8221; gradient_type=&#8221;default&#8221; delay=&#8221;400&#8243;][image_with_animation image_url=&#8221;36582&#8243; image_size=&#8221;full&#8221; max_width=&#8221;custom&#8221; animation_type=&#8221;entrance&#8221; animation=&#8221;None&#8221; animation_movement_type=&#8221;transform_y&#8221; hover_animation=&#8221;none&#8221; alignment=&#8221;&#8221; border_radius=&#8221;none&#8221; box_shadow=&#8221;none&#8221; image_loading=&#8221;default&#8221; max_width_custom=&#8221;85%&#8221;][\/vc_column][\/vc_row]\n","protected":false},"excerpt":{"rendered":"<h6><strong>Cod. 625\/11-12.AL<\/strong><\/h6>\n<p>La cureta Gracey est\u00e1 dise\u00f1ada para realizar con eficacia una limpieza y un raspado de zonas espec\u00edficas. Cada cureta Gracey tiene las hojas orientadas espec\u00edficamente para tratar una zona espec\u00edfica, afiladas solo por un lado con una punta doble, una inclinada 70\u00b0 con respecto a la superficie de la ra\u00edz del diente a tratar.<\/p>\n<ul>\n<li class=\"ewa-rteLine\">Nueva aleaci\u00f3n de acero.<\/li>\n<li class=\"ewa-rteLine\">Las hojas permanecen afiladas mucho m\u00e1s tiempo, incluso en caso de uso prolongado.<\/li>\n<li class=\"ewa-rteLine\">Indicador de la parte afilada. Una peque\u00f1a flecha en el mango indica el lado afilado.<\/li>\n<\/ul>\n","protected":false},"featured_media":36887,"comment_status":"closed","ping_status":"closed","template":"","meta":[],"product_brand":[557],"product_cat":[556,259,199,559],"product_tag":[],"class_list":{"0":"post-36882","1":"product","2":"type-product","3":"status-publish","4":"has-post-thumbnail","6":"product_brand-medesy","7":"product_cat-medesy","8":"product_cat-instrumentos-2","9":"product_cat-periodoncia","10":"product_cat-periodoncia-medesy","12":"first","13":"instock","14":"shipping-taxable","15":"product-type-simple"},"_links":{"self":[{"href":"https:\/\/pruebas.zeyco.com\/en\/wp-json\/wp\/v2\/product\/36882","targetHints":{"allow":["GET"]}}],"collection":[{"href":"https:\/\/pruebas.zeyco.com\/en\/wp-json\/wp\/v2\/product"}],"about":[{"href":"https:\/\/pruebas.zeyco.com\/en\/wp-json\/wp\/v2\/types\/product"}],"replies":[{"embeddable":true,"href":"https:\/\/pruebas.zeyco.com\/en\/wp-json\/wp\/v2\/comments?post=36882"}],"wp:featuredmedia":[{"embeddable":true,"href":"https:\/\/pruebas.zeyco.com\/en\/wp-json\/wp\/v2\/media\/36887"}],"wp:attachment":[{"href":"https:\/\/pruebas.zeyco.com\/en\/wp-json\/wp\/v2\/media?parent=36882"}],"wp:term":[{"taxonomy":"product_brand","embeddable":true,"href":"https:\/\/pruebas.zeyco.com\/en\/wp-json\/wp\/v2\/product_brand?post=36882"},{"taxonomy":"product_cat","embeddable":true,"href":"https:\/\/pruebas.zeyco.com\/en\/wp-json\/wp\/v2\/product_cat?post=36882"},{"taxonomy":"product_tag","embeddable":true,"href":"https:\/\/pruebas.zeyco.com\/en\/wp-json\/wp\/v2\/product_tag?post=36882"}],"curies":[{"name":"wp","href":"https:\/\/api.w.org\/{rel}","templated":true}]}}