{"id":31288,"date":"2024-09-04T17:58:42","date_gmt":"2024-09-04T23:58:42","guid":{"rendered":"https:\/\/zeyco.com\/?post_type=product&#038;p=31288"},"modified":"2024-10-04T12:59:09","modified_gmt":"2024-10-04T18:59:09","slug":"vitique-silane","status":"publish","type":"product","link":"https:\/\/pruebas.zeyco.com\/en\/producto\/vitique-silane\/","title":{"rendered":"Vitique Silane"},"content":{"rendered":"[vc_row type=&#8221;in_container&#8221; full_screen_row_position=&#8221;middle&#8221; column_margin=&#8221;default&#8221; column_direction=&#8221;default&#8221; column_direction_tablet=&#8221;default&#8221; column_direction_phone=&#8221;default&#8221; scene_position=&#8221;center&#8221; text_color=&#8221;dark&#8221; text_align=&#8221;left&#8221; row_border_radius=&#8221;none&#8221; row_border_radius_applies=&#8221;bg&#8221; overflow=&#8221;visible&#8221; overlay_strength=&#8221;0.3&#8243; gradient_direction=&#8221;left_to_right&#8221; shape_divider_position=&#8221;bottom&#8221; bg_image_animation=&#8221;none&#8221;][vc_column column_padding=&#8221;no-extra-padding&#8221; column_padding_tablet=&#8221;inherit&#8221; column_padding_phone=&#8221;inherit&#8221; column_padding_position=&#8221;all&#8221; column_element_direction_desktop=&#8221;default&#8221; column_element_spacing=&#8221;default&#8221; desktop_text_alignment=&#8221;default&#8221; tablet_text_alignment=&#8221;default&#8221; phone_text_alignment=&#8221;default&#8221; background_color_opacity=&#8221;1&#8243; background_hover_color_opacity=&#8221;1&#8243; column_backdrop_filter=&#8221;none&#8221; column_shadow=&#8221;none&#8221; column_border_radius=&#8221;none&#8221; column_link_target=&#8221;_self&#8221; column_position=&#8221;default&#8221; gradient_direction=&#8221;left_to_right&#8221; overlay_strength=&#8221;0.3&#8243; width=&#8221;1\/5&#8243; tablet_width_inherit=&#8221;default&#8221; animation_type=&#8221;default&#8221; bg_image_animation=&#8221;none&#8221; border_type=&#8221;simple&#8221; column_border_width=&#8221;none&#8221; column_border_style=&#8221;solid&#8221;][\/vc_column][vc_column column_padding=&#8221;no-extra-padding&#8221; column_padding_tablet=&#8221;inherit&#8221; column_padding_phone=&#8221;inherit&#8221; column_padding_position=&#8221;all&#8221; column_element_direction_desktop=&#8221;default&#8221; column_element_spacing=&#8221;default&#8221; desktop_text_alignment=&#8221;default&#8221; tablet_text_alignment=&#8221;default&#8221; phone_text_alignment=&#8221;default&#8221; background_color_opacity=&#8221;1&#8243; background_hover_color_opacity=&#8221;1&#8243; column_backdrop_filter=&#8221;none&#8221; column_shadow=&#8221;none&#8221; column_border_radius=&#8221;none&#8221; column_link_target=&#8221;_self&#8221; column_position=&#8221;default&#8221; gradient_direction=&#8221;left_to_right&#8221; overlay_strength=&#8221;0.3&#8243; width=&#8221;1\/5&#8243; tablet_width_inherit=&#8221;default&#8221; animation_type=&#8221;default&#8221; bg_image_animation=&#8221;none&#8221; border_type=&#8221;simple&#8221; column_border_width=&#8221;none&#8221; column_border_style=&#8221;solid&#8221;][\/vc_column][\/vc_row][vc_row type=&#8221;in_container&#8221; full_screen_row_position=&#8221;middle&#8221; column_margin=&#8221;default&#8221; column_direction=&#8221;default&#8221; column_direction_tablet=&#8221;default&#8221; column_direction_phone=&#8221;default&#8221; scene_position=&#8221;center&#8221; text_color=&#8221;dark&#8221; text_align=&#8221;left&#8221; row_border_radius=&#8221;none&#8221; row_border_radius_applies=&#8221;bg&#8221; overflow=&#8221;visible&#8221; overlay_strength=&#8221;0.3&#8243; gradient_direction=&#8221;left_to_right&#8221; shape_divider_position=&#8221;bottom&#8221; bg_image_animation=&#8221;none&#8221;][vc_column column_padding=&#8221;no-extra-padding&#8221; column_padding_tablet=&#8221;inherit&#8221; column_padding_phone=&#8221;inherit&#8221; column_padding_position=&#8221;all&#8221; column_element_direction_desktop=&#8221;default&#8221; column_element_spacing=&#8221;default&#8221; desktop_text_alignment=&#8221;default&#8221; tablet_text_alignment=&#8221;default&#8221; phone_text_alignment=&#8221;default&#8221; background_color_opacity=&#8221;1&#8243; background_hover_color_opacity=&#8221;1&#8243; column_backdrop_filter=&#8221;none&#8221; column_shadow=&#8221;none&#8221; column_border_radius=&#8221;none&#8221; column_link_target=&#8221;_self&#8221; column_position=&#8221;default&#8221; gradient_direction=&#8221;left_to_right&#8221; overlay_strength=&#8221;0.3&#8243; width=&#8221;1\/1&#8243; tablet_width_inherit=&#8221;default&#8221; animation_type=&#8221;default&#8221; bg_image_animation=&#8221;none&#8221; border_type=&#8221;simple&#8221; column_border_width=&#8221;none&#8221; column_border_style=&#8221;solid&#8221;][nectar_cta btn_style=&#8221;material&#8221; heading_tag=&#8221;h4&#8243; text_color=&#8221;#80bc00&#8243; link_type=&#8221;regular&#8221; alignment=&#8221;center&#8221; alignment_tablet=&#8221;default&#8221; alignment_phone=&#8221;default&#8221; display=&#8221;block&#8221; display_tablet=&#8221;inherit&#8221; display_phone=&#8221;inherit&#8221; text=&#8221;B\u00fascalo en el dep\u00f3sito de tu preferencia o para m\u00e1s informaci\u00f3n cont\u00e1ctanos&#8221; link_text=&#8221;aqu\u00ed&#8221; url=&#8221;https:\/\/pruebas.zeyco.com\/contacto\/&#8221;][\/vc_column][\/vc_row]\n","protected":false},"excerpt":{"rendered":"<hr \/>\n<p><span style=\"color: #333333;\"><strong>SISTEMA DE UNI\u00d3N PARA COMPOSITES CER\u00c1MICOS Y CEMENTOS <\/strong><\/span><\/p>\n<p><span style=\"color: #808080;\"><strong>CARACTER\u00cdSTICAS:<\/strong><\/span><\/p>\n<ul>\n<li class=\"elementToProof ContentPasted0\"><span class=\"ui-provider ru rv rw rx ry rz sa sb sc sd se sf sg sh si sj sk sl sm sn so sp sq sr ss st su sv sw sx sy sz ta tb tc\" dir=\"ltr\" style=\"color: #000000;\">Adhesi\u00f3n fiable entre el material y el sustrato para restauraciones duraderas.<\/span><\/li>\n<li class=\"elementToProof ContentPasted0\"><span class=\"ui-provider ru rv rw rx ry rz sa sb sc sd se sf sg sh si sj sk sl sm sn so sp sq sr ss st su sv sw sx sy sz ta tb tc\" dir=\"ltr\" style=\"color: #000000;\">F\u00e1cil de usar en porciones de mezcla 1:1.<\/span><\/li>\n<li class=\"elementToProof ContentPasted0\"><span style=\"color: #000000;\"><span class=\"ui-provider ru rv rw rx ry rz sa sb sc sd se sf sg sh si sj sk sl sm sn so sp sq sr ss st su sv sw sx sy sz ta tb tc\" dir=\"ltr\">Efecto completo y duradero gracias a su sistema de dos botes<\/span>. <\/span><\/li>\n<li class=\"elementToProof ContentPasted0\"><span style=\"color: #000000;\">P<span class=\"ui-provider ru rv rw rx ry rz sa sb sc sd se sf sg sh si sj sk sl sm sn so sp sq sr ss st su sv sw sx sy sz ta tb tc\" dir=\"ltr\"><span style=\"color: #000000;\">erfectamente combinable con cualquier s<\/span>istema de cementaci\u00f3n, en especial Vitique<\/span>.<\/span><\/li>\n<\/ul>\n<p><span style=\"color: #808080;\"><strong>PRESENTACI\u00d3N<\/strong><\/span><span style=\"color: #333333;\"><strong><br \/>\n<\/strong><\/span><span style=\"color: #000000;\">1 Bote de 3 mL Vitique Silane Adhesive<br \/>\n1 Bote de 3 mL Vitique Silane Activator<br \/>\n50 Cepillos<br \/>\n1 Portacepillos<\/span><\/p>\n","protected":false},"featured_media":31280,"comment_status":"closed","ping_status":"closed","template":"","meta":[],"product_brand":[],"product_cat":[99,283,523,100,195,538],"product_tag":[],"class_list":{"0":"post-31288","1":"product","2":"type-product","3":"status-publish","4":"has-post-thumbnail","6":"product_cat-dmg","7":"product_cat-adhesion","8":"product_cat-adhesivos-dmg","9":"product_cat-estetica","10":"product_cat-prostodoncia","11":"product_cat-rehabilitacion","13":"first","14":"instock","15":"shipping-taxable","16":"product-type-simple"},"_links":{"self":[{"href":"https:\/\/pruebas.zeyco.com\/en\/wp-json\/wp\/v2\/product\/31288","targetHints":{"allow":["GET"]}}],"collection":[{"href":"https:\/\/pruebas.zeyco.com\/en\/wp-json\/wp\/v2\/product"}],"about":[{"href":"https:\/\/pruebas.zeyco.com\/en\/wp-json\/wp\/v2\/types\/product"}],"replies":[{"embeddable":true,"href":"https:\/\/pruebas.zeyco.com\/en\/wp-json\/wp\/v2\/comments?post=31288"}],"wp:featuredmedia":[{"embeddable":true,"href":"https:\/\/pruebas.zeyco.com\/en\/wp-json\/wp\/v2\/media\/31280"}],"wp:attachment":[{"href":"https:\/\/pruebas.zeyco.com\/en\/wp-json\/wp\/v2\/media?parent=31288"}],"wp:term":[{"taxonomy":"product_brand","embeddable":true,"href":"https:\/\/pruebas.zeyco.com\/en\/wp-json\/wp\/v2\/product_brand?post=31288"},{"taxonomy":"product_cat","embeddable":true,"href":"https:\/\/pruebas.zeyco.com\/en\/wp-json\/wp\/v2\/product_cat?post=31288"},{"taxonomy":"product_tag","embeddable":true,"href":"https:\/\/pruebas.zeyco.com\/en\/wp-json\/wp\/v2\/product_tag?post=31288"}],"curies":[{"name":"wp","href":"https:\/\/api.w.org\/{rel}","templated":true}]}}