{"id":18233,"date":"2022-02-18T17:35:57","date_gmt":"2022-02-18T23:35:57","guid":{"rendered":"https:\/\/pruebas.zeyco.com\/?post_type=product&#038;p=18233"},"modified":"2024-10-04T12:59:12","modified_gmt":"2024-10-04T18:59:12","slug":"silagum-comfort","status":"publish","type":"product","link":"https:\/\/pruebas.zeyco.com\/en\/producto\/silagum-comfort\/","title":{"rendered":"Silagum Comfort"},"content":{"rendered":"[vc_row type=&#8221;in_container&#8221; full_screen_row_position=&#8221;middle&#8221; column_margin=&#8221;default&#8221; column_direction=&#8221;default&#8221; column_direction_tablet=&#8221;default&#8221; column_direction_phone=&#8221;default&#8221; scene_position=&#8221;center&#8221; text_color=&#8221;dark&#8221; text_align=&#8221;left&#8221; row_border_radius=&#8221;none&#8221; row_border_radius_applies=&#8221;bg&#8221; overflow=&#8221;visible&#8221; overlay_strength=&#8221;0.3&#8243; gradient_direction=&#8221;left_to_right&#8221; shape_divider_position=&#8221;bottom&#8221; bg_image_animation=&#8221;none&#8221;][vc_column column_padding=&#8221;no-extra-padding&#8221; column_padding_tablet=&#8221;inherit&#8221; column_padding_phone=&#8221;inherit&#8221; column_padding_position=&#8221;all&#8221; column_element_direction_desktop=&#8221;default&#8221; column_element_spacing=&#8221;default&#8221; desktop_text_alignment=&#8221;default&#8221; tablet_text_alignment=&#8221;default&#8221; phone_text_alignment=&#8221;default&#8221; background_color_opacity=&#8221;1&#8243; background_hover_color_opacity=&#8221;1&#8243; column_backdrop_filter=&#8221;none&#8221; column_shadow=&#8221;none&#8221; column_border_radius=&#8221;none&#8221; column_link_target=&#8221;_self&#8221; column_position=&#8221;default&#8221; gradient_direction=&#8221;left_to_right&#8221; overlay_strength=&#8221;0.3&#8243; width=&#8221;1\/1&#8243; tablet_width_inherit=&#8221;default&#8221; animation_type=&#8221;default&#8221; bg_image_animation=&#8221;none&#8221; border_type=&#8221;simple&#8221; column_border_width=&#8221;none&#8221; column_border_style=&#8221;solid&#8221;][nectar_cta btn_style=&#8221;material&#8221; heading_tag=&#8221;h4&#8243; text_color=&#8221;#80bc00&#8243; link_type=&#8221;regular&#8221; alignment=&#8221;center&#8221; alignment_tablet=&#8221;default&#8221; alignment_phone=&#8221;default&#8221; display=&#8221;block&#8221; display_tablet=&#8221;inherit&#8221; display_phone=&#8221;inherit&#8221; text=&#8221;B\u00fascalo en el dep\u00f3sito de tu preferencia o para m\u00e1s informaci\u00f3n cont\u00e1ctanos&#8221; link_text=&#8221;aqu\u00ed&#8221; url=&#8221;https:\/\/pruebas.zeyco.com\/contacto\/&#8221;][\/vc_column][\/vc_row]\n","protected":false},"excerpt":{"rendered":"<hr \/>\n<p><span style=\"color: #000000;\"><strong>MATERIAL DE REBASE BLANDO A BASE DE SILIC\u00d3N POR ADICI\u00d3N (POLIVINILSILOXANO)<\/strong><\/span><\/p>\n<p><span style=\"color: #808080;\"><strong>INDICACI\u00d3N<br \/>\n<\/strong><\/span><span style=\"color: #000000;\">Rebase para dentaduras totales o parciales y acondicionador de tejidos.<\/span><\/p>\n<p><span style=\"color: #808080;\"><strong>VENTAJAS<\/strong><\/span><\/p>\n<div class=\"wpb_text_column wpb_content_element DMGproduList\">\n<div class=\"wpb_wrapper\">\n<div class=\"page\" title=\"Page 8\">\n<div class=\"section\">\n<div class=\"layoutArea\">\n<div class=\"column\">\n<ul>\n<li><span style=\"color: #000000;\">Excelente adherencia al acr\u00edlico.<\/span><\/li>\n<li><span style=\"color: #000000;\">Alta est\u00e9tica.<\/span><\/li>\n<li><span style=\"color: #000000;\">F\u00e1cil manipulaci\u00f3n.<\/span><\/li>\n<li><span style=\"color: #000000;\">Resistencia al desgarre.<\/span><\/li>\n<li><span style=\"color: #000000;\">M\u00e1xima comodidad para el paciente.<\/span><\/li>\n<li><span style=\"color: #000000;\">Durabilidad en boca de 6 meses a un a\u00f1o.<\/span><\/li>\n<li><span style=\"color: #000000;\">Venta por separado del adhesivo y barniz.<\/span><\/li>\n<\/ul>\n<p><span style=\"color: #808080;\"><strong>PRESENTACI\u00d3N<br \/>\n<\/strong><\/span><span style=\"color: #000000;\">1 Cartucho de 50 mL y 12 puntas mezcladoras.*<br \/>\n<\/span><span style=\"color: #000000;\">1 Frasco de Primer de 5 mL.*<br \/>\n<\/span><span style=\"color: #000000;\">2 Frascos de Barniz de 10 mL.*<\/span><\/p>\n<p><span style=\"color: #000000;\">*Se venden por separado.<\/span><\/p>\n<\/div>\n<\/div>\n<\/div>\n<\/div>\n<\/div>\n<\/div>\n","protected":false},"featured_media":18234,"comment_status":"closed","ping_status":"closed","template":"","meta":[],"product_brand":[],"product_cat":[99,194,189,195,224,238],"product_tag":[],"class_list":{"0":"post-18233","1":"product","2":"type-product","3":"status-publish","4":"has-post-thumbnail","6":"product_cat-dmg","7":"product_cat-general","8":"product_cat-materiales-de-rebase","9":"product_cat-prostodoncia","10":"product_cat-protesis","11":"product_cat-rebases","13":"first","14":"instock","15":"shipping-taxable","16":"product-type-simple"},"_links":{"self":[{"href":"https:\/\/pruebas.zeyco.com\/en\/wp-json\/wp\/v2\/product\/18233","targetHints":{"allow":["GET"]}}],"collection":[{"href":"https:\/\/pruebas.zeyco.com\/en\/wp-json\/wp\/v2\/product"}],"about":[{"href":"https:\/\/pruebas.zeyco.com\/en\/wp-json\/wp\/v2\/types\/product"}],"replies":[{"embeddable":true,"href":"https:\/\/pruebas.zeyco.com\/en\/wp-json\/wp\/v2\/comments?post=18233"}],"wp:featuredmedia":[{"embeddable":true,"href":"https:\/\/pruebas.zeyco.com\/en\/wp-json\/wp\/v2\/media\/18234"}],"wp:attachment":[{"href":"https:\/\/pruebas.zeyco.com\/en\/wp-json\/wp\/v2\/media?parent=18233"}],"wp:term":[{"taxonomy":"product_brand","embeddable":true,"href":"https:\/\/pruebas.zeyco.com\/en\/wp-json\/wp\/v2\/product_brand?post=18233"},{"taxonomy":"product_cat","embeddable":true,"href":"https:\/\/pruebas.zeyco.com\/en\/wp-json\/wp\/v2\/product_cat?post=18233"},{"taxonomy":"product_tag","embeddable":true,"href":"https:\/\/pruebas.zeyco.com\/en\/wp-json\/wp\/v2\/product_tag?post=18233"}],"curies":[{"name":"wp","href":"https:\/\/api.w.org\/{rel}","templated":true}]}}