{"id":16665,"date":"2021-10-19T17:36:41","date_gmt":"2021-10-19T22:36:41","guid":{"rendered":"https:\/\/pruebas.zeyco.com\/?post_type=product&#038;p=16665"},"modified":"2024-10-04T12:59:14","modified_gmt":"2024-10-04T18:59:14","slug":"stainbuster","status":"publish","type":"product","link":"https:\/\/pruebas.zeyco.com\/en\/producto\/stainbuster\/","title":{"rendered":"Stainbuster"},"content":{"rendered":"[vc_row type=&#8221;full_width_background&#8221; full_screen_row_position=&#8221;middle&#8221; column_margin=&#8221;default&#8221; column_direction=&#8221;default&#8221; column_direction_tablet=&#8221;default&#8221; column_direction_phone=&#8221;default&#8221; bg_color=&#8221;#002f87&#8243; scene_position=&#8221;center&#8221; text_color=&#8221;custom&#8221; custom_text_color=&#8221;#ffffff&#8221; text_align=&#8221;left&#8221; row_border_radius=&#8221;none&#8221; row_border_radius_applies=&#8221;bg&#8221; overlay_strength=&#8221;0.3&#8243; gradient_direction=&#8221;left_to_right&#8221; shape_divider_position=&#8221;bottom&#8221; bg_image_animation=&#8221;none&#8221; shape_type=&#8221;&#8221;][vc_column column_padding=&#8221;no-extra-padding&#8221; column_padding_tablet=&#8221;inherit&#8221; column_padding_phone=&#8221;inherit&#8221; column_padding_position=&#8221;all&#8221; column_element_spacing=&#8221;default&#8221; background_color_opacity=&#8221;1&#8243; background_hover_color_opacity=&#8221;1&#8243; column_shadow=&#8221;none&#8221; column_border_radius=&#8221;none&#8221; column_link_target=&#8221;_self&#8221; gradient_direction=&#8221;left_to_right&#8221; overlay_strength=&#8221;0.3&#8243; width=&#8221;1\/1&#8243; tablet_width_inherit=&#8221;default&#8221; tablet_text_alignment=&#8221;default&#8221; phone_text_alignment=&#8221;default&#8221; bg_image_animation=&#8221;none&#8221; border_type=&#8221;simple&#8221; column_border_width=&#8221;none&#8221; column_border_style=&#8221;solid&#8221;][nectar_cta btn_style=&#8221;material&#8221; heading_tag=&#8221;h4&#8243; text_color=&#8221;#80bc00&#8243; link_type=&#8221;regular&#8221; alignment=&#8221;left&#8221; alignment_tablet=&#8221;default&#8221; alignment_phone=&#8221;default&#8221; display=&#8221;block&#8221; text=&#8221;B\u00fascalo en el dep\u00f3sito de tu preferencia o para m\u00e1s informaci\u00f3n cont\u00e1ctanos&#8221; url=&#8221;\/contacto\/&#8221; link_text=&#8221;aqu\u00ed&#8221; margin_top=&#8221;30&#8243; margin_bottom=&#8221;30&#8243;][\/vc_column][\/vc_row][vc_row type=&#8221;full_width_content&#8221; full_screen_row_position=&#8221;middle&#8221; column_margin=&#8221;default&#8221; column_direction=&#8221;default&#8221; column_direction_tablet=&#8221;default&#8221; column_direction_phone=&#8221;default&#8221; bg_color=&#8221;#ffffff&#8221; scene_position=&#8221;center&#8221; text_color=&#8221;custom&#8221; custom_text_color=&#8221;#000000&#8243; text_align=&#8221;center&#8221; row_border_radius=&#8221;none&#8221; row_border_radius_applies=&#8221;bg&#8221; overlay_strength=&#8221;0.3&#8243; gradient_direction=&#8221;left_to_right&#8221; shape_divider_position=&#8221;bottom&#8221; bg_image_animation=&#8221;none&#8221; shape_type=&#8221;&#8221;][vc_column column_padding=&#8221;no-extra-padding&#8221; column_padding_tablet=&#8221;inherit&#8221; column_padding_phone=&#8221;inherit&#8221; column_padding_position=&#8221;all&#8221; top_margin=&#8221;100&#8243; constrain_group_1=&#8221;yes&#8221; bottom_margin=&#8221;100&#8243; column_element_spacing=&#8221;default&#8221; centered_text=&#8221;true&#8221; background_color_opacity=&#8221;1&#8243; background_hover_color_opacity=&#8221;1&#8243; column_shadow=&#8221;none&#8221; column_border_radius=&#8221;none&#8221; column_link_target=&#8221;_self&#8221; gradient_direction=&#8221;left_to_right&#8221; overlay_strength=&#8221;0.3&#8243; width=&#8221;1\/2&#8243; tablet_width_inherit=&#8221;default&#8221; tablet_text_alignment=&#8221;default&#8221; phone_text_alignment=&#8221;default&#8221; bg_image_animation=&#8221;none&#8221; border_type=&#8221;simple&#8221; column_border_width=&#8221;none&#8221; column_border_style=&#8221;solid&#8221;][image_with_animation image_url=&#8221;16592&#8243; animation=&#8221;Fade In&#8221; hover_animation=&#8221;none&#8221; alignment=&#8221;&#8221; border_radius=&#8221;none&#8221; box_shadow=&#8221;none&#8221; image_loading=&#8221;default&#8221; max_width=&#8221;100%&#8221; max_width_mobile=&#8221;default&#8221; margin_bottom=&#8221;60px&#8221;][vc_custom_heading text=&#8221;Corte m\u00e1s r\u00e1pido<br \/>\nsin generar calor&#8221; font_container=&#8221;tag:h1|font_size:70|text_align:center|color:%23000000|line_height:1.0em&#8221; use_theme_fonts=&#8221;yes&#8221; css=&#8221;.vc_custom_1634670321721{padding-right: 10px !important;padding-bottom: 20px !important;padding-left: 10px !important;}&#8221;][vc_column_text el_class=&#8221;intro&#8221; max_width=&#8221;550&#8243; css=&#8221;.vc_custom_1634669967047{padding-right: 20px !important;padding-bottom: 40px !important;padding-left: 20px !important;}&#8221;]La fresa dental de diamante Two Striper\u2122\u00a0naci\u00f3 en 1971 cuando en un proceso patentado part\u00edculas de diamante fueron unidas al acero (P.B.S).[\/vc_column_text][divider line_type=&#8221;No Line&#8221; custom_height=&#8221;1px&#8221;][nectar_btn size=&#8221;small&#8221; constrain_group_2=&#8221;yes&#8221; button_style=&#8221;regular&#8221; button_color_2=&#8221;Extra-Color-2&#8243; color_override=&#8221;#ffffff&#8221; solid_text_color_override=&#8221;#000000&#8243; icon_family=&#8221;none&#8221; el_class=&#8221;boton-bold&#8221; text=&#8221;TECNOLOG\u00cdA&#8221; url=&#8221;\/marcas\/two-striper\/#tecnologia-two-striper&#8221; margin_left=&#8221;10&#8243; margin_right=&#8221;10&#8243;][nectar_btn size=&#8221;small&#8221; constrain_group_2=&#8221;yes&#8221; button_style=&#8221;regular&#8221; button_color_2=&#8221;Extra-Color-2&#8243; color_override=&#8221;#d22830&#8243; solid_text_color_override=&#8221;#ffffff&#8221; icon_family=&#8221;none&#8221; el_class=&#8221;boton-bold&#8221; text=&#8221;PRODUCTOS&#8221; url=&#8221;\/marcas\/two-striper\/#productos&#8221; margin_left=&#8221;10&#8243; margin_right=&#8221;10&#8243;][\/vc_column][vc_column column_padding=&#8221;no-extra-padding&#8221; column_padding_tablet=&#8221;inherit&#8221; column_padding_phone=&#8221;inherit&#8221; column_padding_position=&#8221;all&#8221; column_element_spacing=&#8221;default&#8221; background_color_opacity=&#8221;1&#8243; background_hover_color_opacity=&#8221;1&#8243; column_shadow=&#8221;none&#8221; column_border_radius=&#8221;none&#8221; column_link_target=&#8221;_self&#8221; gradient_direction=&#8221;left_to_right&#8221; overlay_strength=&#8221;0.3&#8243; width=&#8221;1\/2&#8243; tablet_width_inherit=&#8221;default&#8221; tablet_text_alignment=&#8221;default&#8221; phone_text_alignment=&#8221;default&#8221; bg_image_animation=&#8221;none&#8221; border_type=&#8221;simple&#8221; column_border_width=&#8221;none&#8221; column_border_style=&#8221;solid&#8221;][image_with_animation image_url=&#8221;16568&#8243; animation=&#8221;Fade In&#8221; hover_animation=&#8221;none&#8221; alignment=&#8221;right&#8221; border_radius=&#8221;none&#8221; box_shadow=&#8221;none&#8221; image_loading=&#8221;default&#8221; max_width=&#8221;100%&#8221; max_width_mobile=&#8221;default&#8221;][\/vc_column][\/vc_row]\n","protected":false},"excerpt":{"rendered":"<p>La innovadora fresa para composites hecha de fibra de vidrio rica en circonio, presenta un poder abrasivo para una odontolog\u00eda m\u00ednimamente invasiva, eliminando el cemento y las manchas de la superficie del diente sin da\u00f1ar el esmalte, la cer\u00e1mica o los tejidos blandos.<\/p>\n<ul>\n<li>Fresas autoafilables que mantienen continuamente su poder abrasivo.<\/li>\n<li>M\u00ednimamente invasiva.<\/li>\n<li>No da\u00f1a el esmalte, la cer\u00e1mica, el cemento ni los tejidos blandos.<\/li>\n<li>Sin dolor.<\/li>\n<\/ul>\n<p><strong>Pr\u00e1ctica diaria:<\/strong> Eliminaci\u00f3n de manchas, pulido de excedentes de cemento o composites, eliminaci\u00f3n temporal de cemento.<\/p>\n<p><strong>Ortodoncia:<\/strong> Eliminaci\u00f3n de restos de cemento adhesivo tras la retirada del brackets.<\/p>\n<p><strong>Periodoncia:<\/strong> Raspado de la superficie radicular, f\u00e1cil acceso a la bifurcaci\u00f3n.<\/p>\n<p><strong>Implantolog\u00eda:<\/strong> Eliminaci\u00f3n de excedentes de cemento incluso en lugares de dif\u00edcil acceso.<\/p>\n<p><strong>Presentaci\u00f3n:<\/strong> Blister con 6 fresas de fibra de vidrio, por n\u00famero o surtidos.<\/p>\n<p><strong>N\u00famero:<\/strong> 2501, 2502 y 2504 Standard. 2505 y 2506 Paro. 4002 Jumbo.<\/p>\n<p>&nbsp;<\/p>\n","protected":false},"featured_media":16667,"comment_status":"closed","ping_status":"closed","template":"","meta":[],"product_brand":[],"product_cat":[151,216,194,214,195,215,150],"product_tag":[],"class_list":{"0":"post-16665","1":"product","2":"type-product","3":"status-publish","4":"has-post-thumbnail","6":"product_cat-fresas","7":"product_cat-fresas-fibra-de-vidrio","8":"product_cat-general","9":"product_cat-ortodoncia","10":"product_cat-prostodoncia","11":"product_cat-rotatorios","12":"product_cat-two-striper","14":"first","15":"instock","16":"shipping-taxable","17":"product-type-simple"},"_links":{"self":[{"href":"https:\/\/pruebas.zeyco.com\/en\/wp-json\/wp\/v2\/product\/16665","targetHints":{"allow":["GET"]}}],"collection":[{"href":"https:\/\/pruebas.zeyco.com\/en\/wp-json\/wp\/v2\/product"}],"about":[{"href":"https:\/\/pruebas.zeyco.com\/en\/wp-json\/wp\/v2\/types\/product"}],"replies":[{"embeddable":true,"href":"https:\/\/pruebas.zeyco.com\/en\/wp-json\/wp\/v2\/comments?post=16665"}],"wp:featuredmedia":[{"embeddable":true,"href":"https:\/\/pruebas.zeyco.com\/en\/wp-json\/wp\/v2\/media\/16667"}],"wp:attachment":[{"href":"https:\/\/pruebas.zeyco.com\/en\/wp-json\/wp\/v2\/media?parent=16665"}],"wp:term":[{"taxonomy":"product_brand","embeddable":true,"href":"https:\/\/pruebas.zeyco.com\/en\/wp-json\/wp\/v2\/product_brand?post=16665"},{"taxonomy":"product_cat","embeddable":true,"href":"https:\/\/pruebas.zeyco.com\/en\/wp-json\/wp\/v2\/product_cat?post=16665"},{"taxonomy":"product_tag","embeddable":true,"href":"https:\/\/pruebas.zeyco.com\/en\/wp-json\/wp\/v2\/product_tag?post=16665"}],"curies":[{"name":"wp","href":"https:\/\/api.w.org\/{rel}","templated":true}]}}