{"id":1080,"date":"2018-03-06T14:01:54","date_gmt":"2018-03-06T20:01:54","guid":{"rendered":"https:\/\/pruebas.zeyco.com\/?page_id=1080"},"modified":"2018-03-06T14:05:06","modified_gmt":"2018-03-06T20:05:06","slug":"guarantees","status":"publish","type":"page","link":"https:\/\/pruebas.zeyco.com\/en\/guarantees\/","title":{"rendered":"Guarantees"},"content":{"rendered":"[vc_row type=&#8221;in_container&#8221; full_screen_row_position=&#8221;middle&#8221; scene_position=&#8221;center&#8221; text_color=&#8221;dark&#8221; text_align=&#8221;left&#8221; overlay_strength=&#8221;0.3&#8243; shape_divider_position=&#8221;bottom&#8221;][vc_column column_padding=&#8221;no-extra-padding&#8221; column_padding_position=&#8221;all&#8221; background_color_opacity=&#8221;1&#8243; background_hover_color_opacity=&#8221;1&#8243; column_shadow=&#8221;none&#8221; column_border_radius=&#8221;none&#8221; width=&#8221;1\/1&#8243; tablet_text_alignment=&#8221;default&#8221; phone_text_alignment=&#8221;default&#8221; column_border_width=&#8221;none&#8221; column_border_style=&#8221;solid&#8221;][heading]<span style=\"color: #99cc00;\">Certificate of Guarantee for Equipment in Facilities and Service<\/span>[\/heading][vc_column_text]\n<h4>1.- Coverage<\/h4>\n<p>GNATUS\u00ae and ISO DIAMANT\u00ae, through the specialized technical service of the ZEYCO\u00ae group, guarantees the repair and installation service of the GNATUS\u00ae and ISO DIAMANT\u00ae dental equipment against any defect in manpower made by its technical staff, original spare parts and material used during the service.<br \/>\nThe guarantee will consist of carrying out the service again without charge for the customer, for any defect in labor or the replacement of the spare part with its respective installation and test of operation.<\/p>\n<h4>2.- Validity of the Guarantee<\/h4>\n<p>The GNATUS\u00ae and ISO DIAMANT\u00ae dental units have a warranty period, counted from the date of delivery of the equipment and \/ or total provision of the service, against any manufacturing defect, provided that this defect is caused under normal conditions of use.<\/p>\n<p><strong>Warranty Terms:<\/strong><\/p>\n<p><em>GNATUS\u00ae equipment:<\/em><\/p>\n<ul>\n<li>They have a warranty period of 2 years; Corresponding the first 60 days counted from the date of delivery of the equipment, with the specialized technical service of the ZEYCO\u00ae group and the subsequent term with GNATUS S.A. DE C.V. *, (Gnatus Mexico).<\/li>\n<li>Installation and preventive maintenance services: The warranty period is 60 days from the end of the service.<\/li>\n<\/ul>\n<p><em>ISO DIAMANT\u00ae equipment:<\/em><\/p>\n<ul>\n<li>It has a 12-month warranty, counted from the date of delivery of the equipment and\/or the total provision of the service through the specialized technical service of the ZEYCO\u00ae group.<\/li>\n<li>Installation and preventive maintenance services: The warranty period is 60 days from the end of the service.<\/li>\n<\/ul>\n<p>In non-warranty services for both brands, they will have a guarantee period of 60 days counted from the date of termination of the service.3.- Conditions to make the Guarantee effective<\/p>\n<p>To make this guarantee effective, it is necessary that the unit has been installed or checked by AUTHORIZED TECHNICIANS of the ZEYCO\u00ae or GNATUS\u00ae group and in addition to the user responsible for the unit, perform maintenance services EVERY 6 MONTHS AFTER INSTALLATION, otherwise the guarantee will be automatically lost and the subsequent services will carry charges such as: labor, per diem and spare parts. The NO having air and water filters at the entrance of the unit and not having an oil-free compressor , will be cause for cancellation of the guarantee. To make the guarantee effective, it will be necessary to present your invoice or its installation sheet, where the Serial Number of the equipment in question is indicated.<\/p>\n<h4>4.- Parts that do not come under warranty<\/h4>\n<p>They are not covered by this guarantee: spotlights, fuses, fiber optic tips, tips of light curing lamps, ultrasound tips, bearings and chuck of handpiece.<\/p>\n<h4>5.- Disability of the Guarantee<\/h4>\n<p>This guarantee will be canceled if the equipment remains stored for a period greater than six months after the date of departure from the facilities of the ZEYCO\u00ae group.<\/p>\n<p>As well as by:<\/p>\n<ul>\n<li>Attempted repair through inadequate tool or by unauthorized technicians.<\/li>\n<li>Damages resulting from improper storage or signs of tampering with the packaging and \/ or security tapes.<\/li>\n<li>Use of chlorine to a greater extent than that specified in the owner&#8217;s manual or other aggressive cleaning agent not indicated.<\/li>\n<\/ul>\n<p>This guarantee does not exempt the customer from paying the technician&#8217;s travel expenses.<\/p>\n<p>If it is necessary for the equipment to be sent to the Authorized Technical Assistance workshop and within the guarantee period, ZEYCO\u00ae is responsible for paying one freight and the customer will be responsible for the other.<\/p>\n<p>The user must demand from the technician the service or installation sheet for subsequent claims.<\/p>\n<p>\u00ae All brands are registered. All rights reserved.<\/p>\n<p>ZEYCO<br \/>\nTechnical Support (33) 32 08 38 26 And 53 or 01 800 300 93 926 email: soportetecnico@zeyco.com.mx<\/p>\n<p>Post-sales coordinator (33) 32 08 38 27 email: coordinador.postventa@zeyco.com.mx<\/p>\n<p>Customer service (33) 32 08 38 50 or 01 800 111 93 926 email: atencionaclientes@zeyco.com.mx<\/p>\n<p>* GNATUS S.A. DE C.V. (Gnatus M\u00e9xico) It is located in Manuel G\u00f3mez Mor\u00edn Street Number 3881 &#8211; 4, Colonia Centro Sur, Quer\u00e9taro, Quer\u00e9taro. Tel \/ Fax 52 442 229 1518. Contact: Marcio Muniz.[\/vc_column_text][\/vc_column][\/vc_row]\n","protected":false},"excerpt":{"rendered":"<p>[vc_row type=&#8221;in_container&#8221; full_screen_row_position=&#8221;middle&#8221; scene_position=&#8221;center&#8221; text_color=&#8221;dark&#8221; text_align=&#8221;left&#8221; overlay_strength=&#8221;0.3&#8243; shape_divider_position=&#8221;bottom&#8221;][vc_column column_padding=&#8221;no-extra-padding&#8221; column_padding_position=&#8221;all&#8221; background_color_opacity=&#8221;1&#8243; background_hover_color_opacity=&#8221;1&#8243; column_shadow=&#8221;none&#8221; column_border_radius=&#8221;none&#8221; width=&#8221;1\/1&#8243; tablet_text_alignment=&#8221;default&#8221; phone_text_alignment=&#8221;default&#8221; column_border_width=&#8221;none&#8221; column_border_style=&#8221;solid&#8221;][heading]Certificate of Guarantee for Equipment in Facilities and Service[\/heading][vc_column_text] 1.- Coverage GNATUS\u00ae&#8230;<\/p>\n","protected":false},"author":2,"featured_media":0,"parent":0,"menu_order":0,"comment_status":"closed","ping_status":"closed","template":"","meta":{"footnotes":""},"class_list":["post-1080","page","type-page","status-publish"],"_links":{"self":[{"href":"https:\/\/pruebas.zeyco.com\/en\/wp-json\/wp\/v2\/pages\/1080","targetHints":{"allow":["GET"]}}],"collection":[{"href":"https:\/\/pruebas.zeyco.com\/en\/wp-json\/wp\/v2\/pages"}],"about":[{"href":"https:\/\/pruebas.zeyco.com\/en\/wp-json\/wp\/v2\/types\/page"}],"author":[{"embeddable":true,"href":"https:\/\/pruebas.zeyco.com\/en\/wp-json\/wp\/v2\/users\/2"}],"replies":[{"embeddable":true,"href":"https:\/\/pruebas.zeyco.com\/en\/wp-json\/wp\/v2\/comments?post=1080"}],"version-history":[{"count":0,"href":"https:\/\/pruebas.zeyco.com\/en\/wp-json\/wp\/v2\/pages\/1080\/revisions"}],"wp:attachment":[{"href":"https:\/\/pruebas.zeyco.com\/en\/wp-json\/wp\/v2\/media?parent=1080"}],"curies":[{"name":"wp","href":"https:\/\/api.w.org\/{rel}","templated":true}]}}