{"id":45332,"date":"2026-02-26T18:31:04","date_gmt":"2026-02-27T00:31:04","guid":{"rendered":"https:\/\/zeyco.com\/?post_type=product&#038;p=45332"},"modified":"2026-03-20T12:04:41","modified_gmt":"2026-03-20T18:04:41","slug":"dexis-is-3800w","status":"publish","type":"product","link":"https:\/\/pruebas.zeyco.com\/cr\/producto\/dexis-is-3800w\/","title":{"rendered":"Dexis IS 3800W"},"content":{"rendered":"","protected":false},"excerpt":{"rendered":"<h5 class=\"ewa-rteLine\">Esc\u00e1ner intraoral 3D inal\u00e1mbrico<\/h5>\n<p>&nbsp;<\/p>\n<div>\n<div class=\"ewa-rteLine\">\n<ul>\n<li style=\"list-style-type: none;\">\n<ul>\n<li class=\"ewa-rteLine\">Software IS Scanflow de c\u00f3digo abierto (compatible con otros programas y\/o equipos).<\/li>\n<li class=\"ewa-rteLine\">Nube ilimitada.<\/li>\n<li class=\"ewa-rteLine\">Profundidad de campo de 21 mm.<\/li>\n<li class=\"ewa-rteLine\">Peso de 240 g.<\/li>\n<li class=\"ewa-rteLine\">1 punta frontal y 1 punta lateral.<\/li>\n<li class=\"ewa-rteLine\">Im\u00e1genes 3D, 2D y c\u00e1mara intraoral.<\/li>\n<li class=\"ewa-rteLine\">Escaneo preciso de 25 segundos por arcada.<\/li>\n<li class=\"ewa-rteLine\">Sin necesidad de conexi\u00f3n WiFi.<\/li>\n<li class=\"ewa-rteLine\">Dise\u00f1ado por Studio F.A. Porsche.<\/li>\n<li class=\"ewa-rteLine\">Actualizaciones de por vida sin costo extra.<\/li>\n<li class=\"ewa-rteLine\">Tecnolog\u00eda de tonos autom\u00e1ticos para mayor precisi\u00f3n.<\/li>\n<li class=\"ewa-rteLine\">Mejora la manera de diagnosticar y planificar, reduciendo los errores.<\/li>\n<li class=\"ewa-rteLine\">Anti-reflejo.<\/li>\n<li class=\"ewa-rteLine\">R\u00e1pido y ergon\u00f3mico.<\/li>\n<li class=\"ewa-rteLine\">Procesamiento con ayuda de IA.<\/li>\n<li class=\"ewa-rteLine\">No genera doble capa al escanear.<\/li>\n<li class=\"ewa-rteLine\">Garant\u00eda de 1 a\u00f1o.<\/li>\n<\/ul>\n<\/li>\n<\/ul>\n<\/div>\n<\/div>\n","protected":false},"featured_media":45610,"comment_status":"closed","ping_status":"closed","template":"","meta":[],"product_brand":[611],"product_cat":[194,610,609,607,214],"product_tag":[],"class_list":{"0":"post-45332","1":"product","2":"type-product","3":"status-publish","4":"has-post-thumbnail","6":"product_brand-dexis","7":"product_cat-general","8":"product_cat-dexis","9":"product_cat-escaners","10":"product_cat-maxilofacial","11":"product_cat-ortodoncia","13":"first","14":"instock","15":"shipping-taxable","16":"product-type-simple"},"_links":{"self":[{"href":"https:\/\/pruebas.zeyco.com\/cr\/wp-json\/wp\/v2\/product\/45332","targetHints":{"allow":["GET"]}}],"collection":[{"href":"https:\/\/pruebas.zeyco.com\/cr\/wp-json\/wp\/v2\/product"}],"about":[{"href":"https:\/\/pruebas.zeyco.com\/cr\/wp-json\/wp\/v2\/types\/product"}],"replies":[{"embeddable":true,"href":"https:\/\/pruebas.zeyco.com\/cr\/wp-json\/wp\/v2\/comments?post=45332"}],"wp:featuredmedia":[{"embeddable":true,"href":"https:\/\/pruebas.zeyco.com\/cr\/wp-json\/wp\/v2\/media\/45610"}],"wp:attachment":[{"href":"https:\/\/pruebas.zeyco.com\/cr\/wp-json\/wp\/v2\/media?parent=45332"}],"wp:term":[{"taxonomy":"product_brand","embeddable":true,"href":"https:\/\/pruebas.zeyco.com\/cr\/wp-json\/wp\/v2\/product_brand?post=45332"},{"taxonomy":"product_cat","embeddable":true,"href":"https:\/\/pruebas.zeyco.com\/cr\/wp-json\/wp\/v2\/product_cat?post=45332"},{"taxonomy":"product_tag","embeddable":true,"href":"https:\/\/pruebas.zeyco.com\/cr\/wp-json\/wp\/v2\/product_tag?post=45332"}],"curies":[{"name":"wp","href":"https:\/\/api.w.org\/{rel}","templated":true}]}}