{"id":41192,"date":"2025-07-30T13:55:50","date_gmt":"2025-07-30T19:55:50","guid":{"rendered":"https:\/\/zeyco.com\/?post_type=product&#038;p=41192"},"modified":"2026-03-12T15:15:23","modified_gmt":"2026-03-12T21:15:23","slug":"super-pen","status":"publish","type":"product","link":"https:\/\/pruebas.zeyco.com\/cr\/producto\/super-pen\/","title":{"rendered":"Super Pen"},"content":{"rendered":"","protected":false},"excerpt":{"rendered":"<hr \/>\n<p class=\"p1\"><b>Jeringa Dental El\u00e9ctrica para aplicaci\u00f3n de anestesia<\/b><\/p>\n<p><strong>Dispositivo de anestesia dental revolucionario con alta precisi\u00f3n y confort<\/strong><\/p>\n<ul>\n<li class=\"p1\">Tres velocidades de inyecci\u00f3n ajustable: High (35 ~110<span class=\"Apple-converted-space\">\u00a0 <\/span>s), Low (120 ~ 170 s) y PDL (para inyecci\u00f3n en ligamento periodontal, 180 ~ 290 s)<\/li>\n<li class=\"p1\"><span data-teams=\"true\">Jeringa cambia a modo PDL en caso de que el sensor detecte que se requiere m\u00e1s presi\u00f3n de infiltraci\u00f3n<\/span><\/li>\n<li class=\"p1\">Motor sin escobilla para una mayor vida \u00fatil<\/li>\n<li class=\"p1\">Carga inal\u00e1mbrica<\/li>\n<li class=\"p1\">Bater\u00eda de larga duraci\u00f3n<\/li>\n<li class=\"p1\">El soporte del cartucho se puede esterilizar en autoclave<\/li>\n<li class=\"p1\">Cuenta con m\u00fasica relajante<\/li>\n<\/ul>\n<p><strong>Presentaciones: <\/strong><\/p>\n<ul>\n<li>Negro<\/li>\n<li>Rosa<\/li>\n<li>Azul<\/li>\n<\/ul>\n<p><strong>Garantia:<\/strong><\/p>\n<p>1 a\u00f1o (v\u00e1lido en tarjeta madre y base)<\/p>\n<p>&nbsp;<\/p>\n<p class=\"p1\">Reg. San. No. 2715E2024 SSA<\/p>\n","protected":false},"featured_media":45460,"comment_status":"closed","ping_status":"closed","template":"","meta":[],"product_brand":[],"product_cat":[206],"product_tag":[573,574],"class_list":{"0":"post-41192","1":"product","2":"type-product","3":"status-publish","4":"has-post-thumbnail","6":"product_cat-dte","7":"product_tag-anestesia","8":"product_tag-jeringa-automatica","10":"first","11":"instock","12":"shipping-taxable","13":"product-type-simple"},"_links":{"self":[{"href":"https:\/\/pruebas.zeyco.com\/cr\/wp-json\/wp\/v2\/product\/41192","targetHints":{"allow":["GET"]}}],"collection":[{"href":"https:\/\/pruebas.zeyco.com\/cr\/wp-json\/wp\/v2\/product"}],"about":[{"href":"https:\/\/pruebas.zeyco.com\/cr\/wp-json\/wp\/v2\/types\/product"}],"replies":[{"embeddable":true,"href":"https:\/\/pruebas.zeyco.com\/cr\/wp-json\/wp\/v2\/comments?post=41192"}],"wp:featuredmedia":[{"embeddable":true,"href":"https:\/\/pruebas.zeyco.com\/cr\/wp-json\/wp\/v2\/media\/45460"}],"wp:attachment":[{"href":"https:\/\/pruebas.zeyco.com\/cr\/wp-json\/wp\/v2\/media?parent=41192"}],"wp:term":[{"taxonomy":"product_brand","embeddable":true,"href":"https:\/\/pruebas.zeyco.com\/cr\/wp-json\/wp\/v2\/product_brand?post=41192"},{"taxonomy":"product_cat","embeddable":true,"href":"https:\/\/pruebas.zeyco.com\/cr\/wp-json\/wp\/v2\/product_cat?post=41192"},{"taxonomy":"product_tag","embeddable":true,"href":"https:\/\/pruebas.zeyco.com\/cr\/wp-json\/wp\/v2\/product_tag?post=41192"}],"curies":[{"name":"wp","href":"https:\/\/api.w.org\/{rel}","templated":true}]}}