{"id":26604,"date":"2021-10-26T13:07:59","date_gmt":"2021-10-26T18:07:59","guid":{"rendered":"https:\/\/zeyco.com\/producto\/edta-17\/"},"modified":"2024-10-04T12:59:14","modified_gmt":"2024-10-04T18:59:14","slug":"edta-17","status":"publish","type":"product","link":"https:\/\/pruebas.zeyco.com\/cr\/producto\/edta-17\/","title":{"rendered":"EDTA 17%"},"content":{"rendered":"","protected":false},"excerpt":{"rendered":"<p>Soluci\u00f3n empleada como un agente quelante en procesos endod\u00f3nticos<\/p>\n<ul>\n<li>Presentaci\u00f3n en l\u00edquido que facilita el uso<\/li>\n<li>Auxiliar en la preparaci\u00f3n biomec\u00e1nica del conducto radicular para una mejor adhesi\u00f3n del material obturador<\/li>\n<li>Ayuda en la limpieza y desinfecci\u00f3n eliminando el barrillo dentario<\/li>\n<\/ul>\n<p><strong>PRESENTACI\u00d3N:<\/strong><\/p>\n<ul>\n<li>Frasco de pl\u00e1stico con 135 mL de soluci\u00f3n<\/li>\n<\/ul>\n<p>No. de Reg. San. 0290C2020 SSA<\/p>\n","protected":false},"featured_media":26605,"comment_status":"closed","ping_status":"closed","template":"","meta":[],"product_brand":[],"product_cat":[513,514,515,516,517],"product_tag":[],"class_list":{"0":"post-26604","1":"product","2":"type-product","3":"status-publish","4":"has-post-thumbnail","6":"product_cat-endodoncia-cr","7":"product_cat-estudiante-cr","8":"product_cat-general-cr","9":"product_cat-otros-cr","10":"product_cat-zeyco-cr","12":"first","13":"instock","14":"shipping-taxable","15":"product-type-simple"},"_links":{"self":[{"href":"https:\/\/pruebas.zeyco.com\/cr\/wp-json\/wp\/v2\/product\/26604","targetHints":{"allow":["GET"]}}],"collection":[{"href":"https:\/\/pruebas.zeyco.com\/cr\/wp-json\/wp\/v2\/product"}],"about":[{"href":"https:\/\/pruebas.zeyco.com\/cr\/wp-json\/wp\/v2\/types\/product"}],"replies":[{"embeddable":true,"href":"https:\/\/pruebas.zeyco.com\/cr\/wp-json\/wp\/v2\/comments?post=26604"}],"wp:featuredmedia":[{"embeddable":true,"href":"https:\/\/pruebas.zeyco.com\/cr\/wp-json\/wp\/v2\/media\/26605"}],"wp:attachment":[{"href":"https:\/\/pruebas.zeyco.com\/cr\/wp-json\/wp\/v2\/media?parent=26604"}],"wp:term":[{"taxonomy":"product_brand","embeddable":true,"href":"https:\/\/pruebas.zeyco.com\/cr\/wp-json\/wp\/v2\/product_brand?post=26604"},{"taxonomy":"product_cat","embeddable":true,"href":"https:\/\/pruebas.zeyco.com\/cr\/wp-json\/wp\/v2\/product_cat?post=26604"},{"taxonomy":"product_tag","embeddable":true,"href":"https:\/\/pruebas.zeyco.com\/cr\/wp-json\/wp\/v2\/product_tag?post=26604"}],"curies":[{"name":"wp","href":"https:\/\/api.w.org\/{rel}","templated":true}]}}