{"id":25919,"date":"2024-01-02T14:29:10","date_gmt":"2024-01-02T20:29:10","guid":{"rendered":"https:\/\/zeyco.com\/?post_type=product&#038;p=25919"},"modified":"2025-07-03T12:30:27","modified_gmt":"2025-07-03T18:30:27","slug":"kromopansil-kit","status":"publish","type":"product","link":"https:\/\/pruebas.zeyco.com\/cr\/producto\/kromopansil-kit\/","title":{"rendered":"Kromopan Sil Kit"},"content":{"rendered":"","protected":false},"excerpt":{"rendered":"<p>SILIC\u00d3N POR ADICI\u00d3N<\/p>\n<p><strong>VENTAJAS<\/strong><\/p>\n<ul>\n<li>Silic\u00f3n por adici\u00f3n de nueva generaci\u00f3n.<\/li>\n<li>Adaptaci\u00f3n perfecta a la forma anat\u00f3mica de las estructuras dentales y de los tejidos blandos.<\/li>\n<li>Reproducci\u00f3n de m\u00e1rgenes completos y perfectos incluso en espesores muy finos.<\/li>\n<li>Tiempo de procesamiento largo.<\/li>\n<li><span class=\"ui-provider a b c d e f g h i j k l m n o p q r s t u v w x y z ab ac ae af ag ah ai aj ak\" dir=\"ltr\">Tiempo breve de permanencia en boca.<\/span><\/li>\n<li>Putty: detecci\u00f3n de los detalles (25 \u00b5m) incluso en ambiente h\u00famedo.<\/li>\n<li>Body: M\u00e1xima precisi\u00f3n en la detecci\u00f3n de los detalles (5 \u00b5m) incluso en ambiente h\u00famedo.<\/li>\n<li>M\u00e1ximo confort al paciente.<\/li>\n<\/ul>\n<p><strong>PRESENTACI\u00d3N:<\/strong><\/p>\n<ul>\n<li>KromopanSil Putty (base + catalizador, 2 x 150 mL), KromopanSil Body (1 x 50 mL), 6 puntas de mezcla y 6 puntas intraorales.<\/li>\n<li>Body disponible en consistencia light o superlight.<\/li>\n<\/ul>\n<p>Reg. San No. 0121C2023 SSA<\/p>\n","protected":false},"featured_media":25920,"comment_status":"closed","ping_status":"closed","template":"","meta":[],"product_brand":[],"product_cat":[123,481],"product_tag":[],"class_list":{"0":"post-25919","1":"product","2":"type-product","3":"status-publish","4":"has-post-thumbnail","6":"product_cat-lascod","7":"product_cat-silicona-por-adicion","9":"first","10":"instock","11":"shipping-taxable","12":"product-type-simple"},"_links":{"self":[{"href":"https:\/\/pruebas.zeyco.com\/cr\/wp-json\/wp\/v2\/product\/25919","targetHints":{"allow":["GET"]}}],"collection":[{"href":"https:\/\/pruebas.zeyco.com\/cr\/wp-json\/wp\/v2\/product"}],"about":[{"href":"https:\/\/pruebas.zeyco.com\/cr\/wp-json\/wp\/v2\/types\/product"}],"replies":[{"embeddable":true,"href":"https:\/\/pruebas.zeyco.com\/cr\/wp-json\/wp\/v2\/comments?post=25919"}],"wp:featuredmedia":[{"embeddable":true,"href":"https:\/\/pruebas.zeyco.com\/cr\/wp-json\/wp\/v2\/media\/25920"}],"wp:attachment":[{"href":"https:\/\/pruebas.zeyco.com\/cr\/wp-json\/wp\/v2\/media?parent=25919"}],"wp:term":[{"taxonomy":"product_brand","embeddable":true,"href":"https:\/\/pruebas.zeyco.com\/cr\/wp-json\/wp\/v2\/product_brand?post=25919"},{"taxonomy":"product_cat","embeddable":true,"href":"https:\/\/pruebas.zeyco.com\/cr\/wp-json\/wp\/v2\/product_cat?post=25919"},{"taxonomy":"product_tag","embeddable":true,"href":"https:\/\/pruebas.zeyco.com\/cr\/wp-json\/wp\/v2\/product_tag?post=25919"}],"curies":[{"name":"wp","href":"https:\/\/api.w.org\/{rel}","templated":true}]}}