{"id":25854,"date":"2024-01-02T13:32:17","date_gmt":"2024-01-02T19:32:17","guid":{"rendered":"https:\/\/zeyco.com\/?post_type=product&#038;p=25854"},"modified":"2024-10-04T12:59:10","modified_gmt":"2024-10-04T18:59:10","slug":"kromopansil-putty","status":"publish","type":"product","link":"https:\/\/pruebas.zeyco.com\/cr\/producto\/kromopansil-putty\/","title":{"rendered":"KromopanSil Putty"},"content":{"rendered":"","protected":false},"excerpt":{"rendered":"<p>SILIC\u00d3N POR ADICI\u00d3N DE CONSISTENCIA SUAVE<\/p>\n<div class=\"wpb_text_column wpb_content_element \">\n<div class=\"wpb_wrapper\">\n<div class=\"page\" title=\"Page 18\">\n<div class=\"section\">\n<div class=\"layoutArea\">\n<div class=\"column\">\n<div class=\"wpb_text_column wpb_content_element \">\n<div class=\"wpb_wrapper\">\n<div class=\"page\" title=\"Page 23\">\n<div class=\"layoutArea\">\n<div class=\"column\">\n<p><strong>VENTAJAS<\/strong><\/p>\n<ul>\n<li>Silic\u00f3n por adici\u00f3n de nueva generaci\u00f3n.<\/li>\n<li>Detecci\u00f3n de los detalles (25 \u00b5m) incluso en ambiente h\u00famedo.<\/li>\n<li>Adaptaci\u00f3n\u00a0 perfecta a la forma anat\u00f3mica de las estructuras dentales y de los tejidos blandos.<\/li>\n<li>Reproducci\u00f3n de m\u00e1rgenes completos y perfectos incluso en espesores muy finos.<\/li>\n<li>Tiempo de procesamiento largo.<\/li>\n<li><span class=\"ui-provider a b c d e f g h i j k l m n o p q r s t u v w x y z ab ac ae af ag ah ai aj ak\" dir=\"ltr\">Tiempo breve de permanencia en boca.<\/span><\/li>\n<li>M\u00e1ximo confort al paciente.<\/li>\n<li>Ligero sabor a menta.<\/li>\n<\/ul>\n<\/div>\n<\/div>\n<\/div>\n<\/div>\n<\/div>\n<\/div>\n<\/div>\n<\/div>\n<\/div>\n<\/div>\n<\/div>\n<div class=\"wpb_text_column wpb_content_element \">\n<div class=\"wpb_wrapper\">\n<div class=\"page\" title=\"Page 18\">\n<div class=\"section\">\n<div class=\"layoutArea\">\n<div class=\"column\">\n<div class=\"wpb_text_column wpb_content_element \">\n<div class=\"wpb_wrapper\">\n<div class=\"page\" title=\"Page 23\">\n<div class=\"layoutArea\">\n<div class=\"column\">\n<p><strong>PRESENTACI\u00d3N:<\/strong><\/p>\n<ul>\n<li><span class=\"ui-provider a b c d e f g h i j k l m n o p q r s t u v w x y z ab ac ae af ag ah ai aj ak\" dir=\"ltr\">Bote base de 300 mL + bote catalizador de 300 mL.<\/span><\/li>\n<li>Disponible en consistencia Soft.<\/li>\n<\/ul>\n<\/div>\n<\/div>\n<\/div>\n<\/div>\n<\/div>\n<\/div>\n<\/div>\n<\/div>\n<\/div>\n<\/div>\n<\/div>\n","protected":false},"featured_media":25864,"comment_status":"closed","ping_status":"closed","template":"","meta":[],"product_brand":[],"product_cat":[481,123],"product_tag":[],"class_list":{"0":"post-25854","1":"product","2":"type-product","3":"status-publish","4":"has-post-thumbnail","6":"product_cat-silicona-por-adicion","7":"product_cat-lascod","9":"first","10":"instock","11":"shipping-taxable","12":"product-type-simple"},"_links":{"self":[{"href":"https:\/\/pruebas.zeyco.com\/cr\/wp-json\/wp\/v2\/product\/25854","targetHints":{"allow":["GET"]}}],"collection":[{"href":"https:\/\/pruebas.zeyco.com\/cr\/wp-json\/wp\/v2\/product"}],"about":[{"href":"https:\/\/pruebas.zeyco.com\/cr\/wp-json\/wp\/v2\/types\/product"}],"replies":[{"embeddable":true,"href":"https:\/\/pruebas.zeyco.com\/cr\/wp-json\/wp\/v2\/comments?post=25854"}],"wp:featuredmedia":[{"embeddable":true,"href":"https:\/\/pruebas.zeyco.com\/cr\/wp-json\/wp\/v2\/media\/25864"}],"wp:attachment":[{"href":"https:\/\/pruebas.zeyco.com\/cr\/wp-json\/wp\/v2\/media?parent=25854"}],"wp:term":[{"taxonomy":"product_brand","embeddable":true,"href":"https:\/\/pruebas.zeyco.com\/cr\/wp-json\/wp\/v2\/product_brand?post=25854"},{"taxonomy":"product_cat","embeddable":true,"href":"https:\/\/pruebas.zeyco.com\/cr\/wp-json\/wp\/v2\/product_cat?post=25854"},{"taxonomy":"product_tag","embeddable":true,"href":"https:\/\/pruebas.zeyco.com\/cr\/wp-json\/wp\/v2\/product_tag?post=25854"}],"curies":[{"name":"wp","href":"https:\/\/api.w.org\/{rel}","templated":true}]}}