{"id":18202,"date":"2022-02-17T16:01:13","date_gmt":"2022-02-17T22:01:13","guid":{"rendered":"https:\/\/pruebas.zeyco.com\/?post_type=product&#038;p=18202"},"modified":"2025-09-05T18:24:38","modified_gmt":"2025-09-06T00:24:38","slug":"permacem-2-0","status":"publish","type":"product","link":"https:\/\/pruebas.zeyco.com\/cr\/producto\/permacem-2-0\/","title":{"rendered":"PermaCem 2.0"},"content":{"rendered":"[vc_row type=&#8221;in_container&#8221; full_screen_row_position=&#8221;middle&#8221; column_margin=&#8221;default&#8221; column_direction=&#8221;default&#8221; column_direction_tablet=&#8221;default&#8221; column_direction_phone=&#8221;default&#8221; scene_position=&#8221;center&#8221; text_color=&#8221;dark&#8221; text_align=&#8221;left&#8221; row_border_radius=&#8221;none&#8221; row_border_radius_applies=&#8221;bg&#8221; overflow=&#8221;visible&#8221; overlay_strength=&#8221;0.3&#8243; gradient_direction=&#8221;left_to_right&#8221; shape_divider_position=&#8221;bottom&#8221; bg_image_animation=&#8221;none&#8221;][vc_column column_padding=&#8221;no-extra-padding&#8221; column_padding_tablet=&#8221;inherit&#8221; column_padding_phone=&#8221;inherit&#8221; column_padding_position=&#8221;all&#8221; column_element_direction_desktop=&#8221;default&#8221; column_element_spacing=&#8221;default&#8221; desktop_text_alignment=&#8221;default&#8221; tablet_text_alignment=&#8221;default&#8221; phone_text_alignment=&#8221;default&#8221; background_color_opacity=&#8221;1&#8243; background_hover_color_opacity=&#8221;1&#8243; column_backdrop_filter=&#8221;none&#8221; column_shadow=&#8221;none&#8221; column_border_radius=&#8221;none&#8221; column_link_target=&#8221;_self&#8221; column_position=&#8221;default&#8221; gradient_direction=&#8221;left_to_right&#8221; overlay_strength=&#8221;0.3&#8243; width=&#8221;1\/3&#8243; tablet_width_inherit=&#8221;default&#8221; animation_type=&#8221;default&#8221; bg_image_animation=&#8221;none&#8221; border_type=&#8221;simple&#8221; column_border_width=&#8221;none&#8221; column_border_style=&#8221;solid&#8221;][\/vc_column][vc_column column_padding=&#8221;no-extra-padding&#8221; column_padding_tablet=&#8221;inherit&#8221; column_padding_phone=&#8221;inherit&#8221; column_padding_position=&#8221;all&#8221; column_element_direction_desktop=&#8221;default&#8221; column_element_spacing=&#8221;default&#8221; desktop_text_alignment=&#8221;default&#8221; tablet_text_alignment=&#8221;default&#8221; phone_text_alignment=&#8221;default&#8221; background_color_opacity=&#8221;1&#8243; background_hover_color_opacity=&#8221;1&#8243; column_backdrop_filter=&#8221;none&#8221; column_shadow=&#8221;none&#8221; column_border_radius=&#8221;none&#8221; column_link_target=&#8221;_self&#8221; column_position=&#8221;default&#8221; gradient_direction=&#8221;left_to_right&#8221; overlay_strength=&#8221;0.3&#8243; width=&#8221;1\/3&#8243; tablet_width_inherit=&#8221;default&#8221; animation_type=&#8221;default&#8221; bg_image_animation=&#8221;none&#8221; border_type=&#8221;simple&#8221; column_border_width=&#8221;none&#8221; column_border_style=&#8221;solid&#8221;][vc_custom_heading text=&#8221;DISTINCIONES Y PREMIOS&#8221; font_container=&#8221;tag:h2|font_size:16%20px|text_align:center&#8221; use_theme_fonts=&#8221;yes&#8221;][image_with_animation image_url=&#8221;5906&#8243; image_size=&#8221;full&#8221; animation_type=&#8221;entrance&#8221; animation=&#8221;Fade In&#8221; animation_easing=&#8221;default&#8221; animation_movement_type=&#8221;transform_y&#8221; hover_animation=&#8221;none&#8221; alignment=&#8221;center&#8221; border_radius=&#8221;none&#8221; box_shadow=&#8221;none&#8221; image_loading=&#8221;default&#8221; max_width=&#8221;100%&#8221; max_width_mobile=&#8221;default&#8221;][\/vc_column][vc_column column_padding=&#8221;no-extra-padding&#8221; column_padding_tablet=&#8221;inherit&#8221; column_padding_phone=&#8221;inherit&#8221; column_padding_position=&#8221;all&#8221; column_element_direction_desktop=&#8221;default&#8221; column_element_spacing=&#8221;default&#8221; desktop_text_alignment=&#8221;default&#8221; tablet_text_alignment=&#8221;default&#8221; phone_text_alignment=&#8221;default&#8221; background_color_opacity=&#8221;1&#8243; background_hover_color_opacity=&#8221;1&#8243; column_backdrop_filter=&#8221;none&#8221; column_shadow=&#8221;none&#8221; column_border_radius=&#8221;none&#8221; column_link_target=&#8221;_self&#8221; column_position=&#8221;default&#8221; gradient_direction=&#8221;left_to_right&#8221; overlay_strength=&#8221;0.3&#8243; width=&#8221;1\/3&#8243; tablet_width_inherit=&#8221;default&#8221; animation_type=&#8221;default&#8221; bg_image_animation=&#8221;none&#8221; border_type=&#8221;simple&#8221; column_border_width=&#8221;none&#8221; column_border_style=&#8221;solid&#8221;][\/vc_column][\/vc_row][vc_row type=&#8221;full_width_background&#8221; full_screen_row_position=&#8221;middle&#8221; column_margin=&#8221;default&#8221; column_direction=&#8221;default&#8221; column_direction_tablet=&#8221;default&#8221; column_direction_phone=&#8221;default&#8221; scene_position=&#8221;center&#8221; text_color=&#8221;dark&#8221; text_align=&#8221;left&#8221; row_border_radius=&#8221;none&#8221; row_border_radius_applies=&#8221;bg&#8221; overflow=&#8221;visible&#8221; advanced_gradient_angle=&#8221;0&#8243; overlay_strength=&#8221;0.3&#8243; gradient_direction=&#8221;left_to_right&#8221; shape_divider_position=&#8221;bottom&#8221; bg_image_animation=&#8221;none&#8221; gradient_type=&#8221;default&#8221; shape_type=&#8221;&#8221;][vc_column column_padding=&#8221;no-extra-padding&#8221; column_padding_tablet=&#8221;inherit&#8221; column_padding_phone=&#8221;inherit&#8221; column_padding_position=&#8221;all&#8221; column_element_direction_desktop=&#8221;default&#8221; column_element_spacing=&#8221;default&#8221; desktop_text_alignment=&#8221;default&#8221; tablet_text_alignment=&#8221;default&#8221; phone_text_alignment=&#8221;default&#8221; background_color_opacity=&#8221;1&#8243; background_hover_color_opacity=&#8221;1&#8243; column_backdrop_filter=&#8221;none&#8221; column_shadow=&#8221;none&#8221; column_border_radius=&#8221;none&#8221; column_link_target=&#8221;_self&#8221; column_position=&#8221;default&#8221; gradient_direction=&#8221;left_to_right&#8221; overlay_strength=&#8221;0.3&#8243; width=&#8221;1\/1&#8243; tablet_width_inherit=&#8221;default&#8221; animation_type=&#8221;default&#8221; bg_image_animation=&#8221;none&#8221; border_type=&#8221;simple&#8221; column_border_width=&#8221;none&#8221; column_border_style=&#8221;solid&#8221;][nectar_cta btn_style=&#8221;material&#8221; heading_tag=&#8221;h4&#8243; text_color=&#8221;#80bc00&#8243; link_type=&#8221;regular&#8221; alignment=&#8221;center&#8221; alignment_tablet=&#8221;default&#8221; alignment_phone=&#8221;default&#8221; display=&#8221;block&#8221; display_tablet=&#8221;inherit&#8221; display_phone=&#8221;inherit&#8221; text=&#8221;B\u00fascalo en el dep\u00f3sito de tu preferencia o para m\u00e1s informaci\u00f3n cont\u00e1ctanos&#8221; link_text=&#8221;aqu\u00ed&#8221; url=&#8221;https:\/\/pruebas.zeyco.com\/contacto\/&#8221;][\/vc_column][\/vc_row]\n","protected":false},"excerpt":{"rendered":"<hr \/>\n<p><span style=\"color: #000000;\"><strong>CEMENTO DUAL AUTOGRABANTE &#8211; AUTOADHESIVO<\/strong><\/span><\/p>\n<p><span style=\"color: #808080;\"><strong>INDICACI\u00d3N<br \/>\n<\/strong><\/span><span style=\"color: #000000;\"><span class=\"ui-provider a b c d e f g h i j k l m n o p q r s t u v w x y z ab ac ae af ag ah ai aj ak\" dir=\"ltr\">Cementaci\u00f3n<\/span> permanente de coronas, puentes, incrustaciones y postes.<\/span><\/p>\n<p><span style=\"color: #808080;\"><strong>VENTAJAS<\/strong><\/span><\/p>\n<ul>\n<li><span style=\"color: #000000;\">Adhesi\u00f3n excepcionalmente fuerte a zirconia, silicatos, cer\u00e1mica, composite, metal y fibra de vidrio.<\/span><\/li>\n<li><span style=\"color: #000000;\">Excelente adhesi\u00f3n tanto en esmalte como en dentina.<\/span><\/li>\n<li><span style=\"color: #000000;\">Evita las fallas de adhesi\u00f3n.<\/span><\/li>\n<li><span style=\"color: #000000;\">\u00d3ptima viscosidad que permite una limpieza f\u00e1cil.<\/span><\/li>\n<li><span style=\"color: #000000;\">Ahorra tiempo en el consultorio.<\/span><\/li>\n<li><span style=\"color: #000000;\">Este producto requiere refrigeraci\u00f3n entre 2\u00b0C y 8 \u00b0C.<\/span><\/li>\n<\/ul>\n<p><span style=\"color: #808080;\"><strong>PRESENTACI\u00d3N<br \/>\n<\/strong><\/span><span style=\"color: #000000;\">Caja con 1 jeringa con 9 g y 20 puntas mezcladoras.<\/span><\/p>\n<p><span style=\"color: #808080;\"><strong>TONOS<br \/>\n<\/strong><\/span><span style=\"color: #000000;\">A2 y transparente<\/span><\/p>\n","protected":false},"featured_media":41810,"comment_status":"closed","ping_status":"closed","template":"","meta":[],"product_brand":[],"product_cat":[236,227,182,99,463,228,195],"product_tag":[],"class_list":{"0":"post-18202","1":"product","2":"type-product","3":"status-publish","4":"has-post-thumbnail","6":"product_cat-autodhesivo-y-autograbable","7":"product_cat-cemento-2","8":"product_cat-cementos-definitivos","9":"product_cat-dmg","10":"product_cat-permacem","11":"product_cat-permanente","12":"product_cat-prostodoncia","14":"first","15":"instock","16":"shipping-taxable","17":"product-type-simple"},"_links":{"self":[{"href":"https:\/\/pruebas.zeyco.com\/cr\/wp-json\/wp\/v2\/product\/18202","targetHints":{"allow":["GET"]}}],"collection":[{"href":"https:\/\/pruebas.zeyco.com\/cr\/wp-json\/wp\/v2\/product"}],"about":[{"href":"https:\/\/pruebas.zeyco.com\/cr\/wp-json\/wp\/v2\/types\/product"}],"replies":[{"embeddable":true,"href":"https:\/\/pruebas.zeyco.com\/cr\/wp-json\/wp\/v2\/comments?post=18202"}],"wp:featuredmedia":[{"embeddable":true,"href":"https:\/\/pruebas.zeyco.com\/cr\/wp-json\/wp\/v2\/media\/41810"}],"wp:attachment":[{"href":"https:\/\/pruebas.zeyco.com\/cr\/wp-json\/wp\/v2\/media?parent=18202"}],"wp:term":[{"taxonomy":"product_brand","embeddable":true,"href":"https:\/\/pruebas.zeyco.com\/cr\/wp-json\/wp\/v2\/product_brand?post=18202"},{"taxonomy":"product_cat","embeddable":true,"href":"https:\/\/pruebas.zeyco.com\/cr\/wp-json\/wp\/v2\/product_cat?post=18202"},{"taxonomy":"product_tag","embeddable":true,"href":"https:\/\/pruebas.zeyco.com\/cr\/wp-json\/wp\/v2\/product_tag?post=18202"}],"curies":[{"name":"wp","href":"https:\/\/api.w.org\/{rel}","templated":true}]}}