{"id":14562,"date":"2021-04-12T13:03:13","date_gmt":"2021-04-12T18:03:13","guid":{"rendered":"https:\/\/pruebas.zeyco.com\/?post_type=product&#038;p=14562"},"modified":"2024-10-04T12:59:17","modified_gmt":"2024-10-04T18:59:17","slug":"alginor-ortho","status":"publish","type":"product","link":"https:\/\/pruebas.zeyco.com\/cr\/producto\/alginor-ortho\/","title":{"rendered":"Alginor Ortho"},"content":{"rendered":"[vc_row type=&#8221;full_width_content&#8221; full_screen_row_position=&#8221;middle&#8221; column_margin=&#8221;default&#8221; column_direction=&#8221;default&#8221; column_direction_tablet=&#8221;default&#8221; column_direction_phone=&#8221;default&#8221; bg_color=&#8221;#9e6ca9&#8243; scene_position=&#8221;center&#8221; text_color=&#8221;dark&#8221; text_align=&#8221;left&#8221; row_border_radius=&#8221;none&#8221; row_border_radius_applies=&#8221;bg&#8221; id=&#8221;banner-lascod-movil&#8221; overlay_strength=&#8221;0.3&#8243; gradient_direction=&#8221;left_to_right&#8221; shape_divider_position=&#8221;bottom&#8221; bg_image_animation=&#8221;none&#8221; shape_type=&#8221;&#8221;][vc_column column_padding=&#8221;no-extra-padding&#8221; column_padding_tablet=&#8221;inherit&#8221; column_padding_phone=&#8221;inherit&#8221; column_padding_position=&#8221;all&#8221; column_element_spacing=&#8221;default&#8221; centered_text=&#8221;true&#8221; background_color_opacity=&#8221;1&#8243; background_hover_color_opacity=&#8221;1&#8243; font_color=&#8221;#ffffff&#8221; column_shadow=&#8221;none&#8221; column_border_radius=&#8221;none&#8221; column_link_target=&#8221;_self&#8221; gradient_direction=&#8221;left_to_right&#8221; overlay_strength=&#8221;0.3&#8243; width=&#8221;1\/1&#8243; tablet_width_inherit=&#8221;default&#8221; tablet_text_alignment=&#8221;default&#8221; phone_text_alignment=&#8221;default&#8221; bg_image_animation=&#8221;none&#8221; border_type=&#8221;simple&#8221; column_border_width=&#8221;none&#8221; column_border_style=&#8221;solid&#8221;][image_with_animation image_url=&#8221;14455&#8243; animation=&#8221;Fade In&#8221; hover_animation=&#8221;none&#8221; alignment=&#8221;center&#8221; border_radius=&#8221;none&#8221; box_shadow=&#8221;none&#8221; image_loading=&#8221;default&#8221; max_width=&#8221;100%&#8221; max_width_mobile=&#8221;default&#8221; margin_bottom=&#8221;80&#8243; margin_top=&#8221;80&#8243;][vc_custom_heading text=&#8221;Creadores del primer alginato Crom\u00e1tico&#8221; font_container=&#8221;tag:h1|font_size:75|text_align:center|color:%23ffffff|line_height:1.0em&#8221; use_theme_fonts=&#8221;yes&#8221; css=&#8221;.vc_custom_1618415630469{padding-right: 20px !important;padding-bottom: 40px !important;padding-left: 20px !important;}&#8221;][vc_column_text el_class=&#8221;intro&#8221; css=&#8221;.vc_custom_1618514684121{padding-right: 20px !important;padding-left: 20px !important;}&#8221;]\n<div style=\"text-align: center;\" data-pm-slice=\"1 1 []\" data-en-clipboard=\"true\">Lascod fabrica desde 1946 alginatos de la m\u00e1s alta calidad.<\/div>\n[\/vc_column_text][nectar_btn size=&#8221;small&#8221; button_style=&#8221;regular&#8221; button_color_2=&#8221;Accent-Color&#8221; color_override=&#8221;#80bc00&#8243; solid_text_color_override=&#8221;#ffffff&#8221; icon_family=&#8221;none&#8221; text=&#8221;VER PRODUCTOS&#8221; url=&#8221;\/marcas\/lascod\/&#8221; margin_right=&#8221;20&#8243;][divider line_type=&#8221;No Line&#8221; custom_height=&#8221;50px&#8221;][image_with_animation image_url=&#8221;14570&#8243; animation=&#8221;Fade In&#8221; hover_animation=&#8221;none&#8221; alignment=&#8221;&#8221; border_radius=&#8221;none&#8221; box_shadow=&#8221;none&#8221; image_loading=&#8221;default&#8221; max_width=&#8221;100%&#8221; max_width_mobile=&#8221;default&#8221;][\/vc_column][\/vc_row][vc_row type=&#8221;full_width_background&#8221; full_screen_row_position=&#8221;middle&#8221; column_margin=&#8221;default&#8221; column_direction=&#8221;default&#8221; column_direction_tablet=&#8221;default&#8221; column_direction_phone=&#8221;default&#8221; bg_color=&#8221;#9e6ca9&#8243; bg_image=&#8221;14463&#8243; bg_position=&#8221;center center&#8221; background_image_loading=&#8221;default&#8221; bg_repeat=&#8221;no-repeat&#8221; scene_position=&#8221;center&#8221; top_padding=&#8221;120&#8243; bottom_padding=&#8221;120&#8243; text_color=&#8221;custom&#8221; custom_text_color=&#8221;#ffffff&#8221; text_align=&#8221;left&#8221; row_border_radius=&#8221;none&#8221; row_border_radius_applies=&#8221;bg&#8221; id=&#8221;banner-lascod-desktop&#8221; overlay_strength=&#8221;0.3&#8243; gradient_direction=&#8221;left_to_right&#8221; shape_divider_position=&#8221;bottom&#8221; bg_image_animation=&#8221;none&#8221; shape_type=&#8221;&#8221;][vc_column column_padding=&#8221;no-extra-padding&#8221; column_padding_tablet=&#8221;inherit&#8221; column_padding_phone=&#8221;inherit&#8221; column_padding_position=&#8221;all&#8221; column_element_spacing=&#8221;default&#8221; background_color_opacity=&#8221;1&#8243; background_hover_color_opacity=&#8221;1&#8243; column_shadow=&#8221;none&#8221; column_border_radius=&#8221;none&#8221; column_link_target=&#8221;_self&#8221; gradient_direction=&#8221;left_to_right&#8221; overlay_strength=&#8221;0.3&#8243; width=&#8221;1\/1&#8243; tablet_width_inherit=&#8221;default&#8221; tablet_text_alignment=&#8221;default&#8221; phone_text_alignment=&#8221;default&#8221; bg_image_animation=&#8221;none&#8221; border_type=&#8221;simple&#8221; column_border_width=&#8221;none&#8221; column_border_style=&#8221;solid&#8221;][image_with_animation image_url=&#8221;14455&#8243; animation=&#8221;Fade In&#8221; hover_animation=&#8221;none&#8221; alignment=&#8221;&#8221; border_radius=&#8221;none&#8221; box_shadow=&#8221;none&#8221; image_loading=&#8221;default&#8221; max_width=&#8221;100%&#8221; max_width_mobile=&#8221;default&#8221; margin_bottom=&#8221;80&#8243;][vc_custom_heading text=&#8221;Creadores del primer alginato Crom\u00e1tico&#8221; font_container=&#8221;tag:h1|font_size:75|text_align:left|color:%23ffffff|line_height:1.0em&#8221; use_theme_fonts=&#8221;yes&#8221; el_id=&#8221;banner-lascod-heading&#8221;][vc_column_text el_class=&#8221;intro&#8221;]\n<div data-pm-slice=\"1 1 []\" data-en-clipboard=\"true\">Lascod fabrica desde 1946 alginatos de la m\u00e1s alta calidad.<\/div>\n[\/vc_column_text][nectar_btn size=&#8221;small&#8221; button_style=&#8221;regular&#8221; button_color_2=&#8221;Accent-Color&#8221; color_override=&#8221;#80bc00&#8243; solid_text_color_override=&#8221;#ffffff&#8221; icon_family=&#8221;none&#8221; text=&#8221;VER PRODUCTOS&#8221; url=&#8221;\/marcas\/lascod\/&#8221; margin_right=&#8221;20&#8243;][\/vc_column][\/vc_row]\n","protected":false},"excerpt":{"rendered":"<h4>Alginato espec\u00edfico para impresiones de<br \/>\nOrtodoncia<\/h4>\n<ul>\n<li>Alginato Clase A tipo 1.<\/li>\n<li>Gran elasticidad que permite una resistencia al desgarre para lograr la impresi\u00f3n perfecta aun en presencia de brackets u otra aparatolog\u00eda ortod\u00f3ntica.<\/li>\n<li>Alta precisi\u00f3n (20 micras).<\/li>\n<li>Tiempo de gelificado en boca de solo 30 segundos.<\/li>\n<li>Larga conservaci\u00f3n (hasta 168 hrs).<\/li>\n<li>Sabor a menta.<\/li>\n<\/ul>\n<p><strong>PRESENTACI\u00d3N:<\/strong><\/p>\n<ul>\n<li>Bolsa de 450 g.<\/li>\n<\/ul>\n<p class=\"p1\"><strong>Reg. San. No.<\/strong> 0678C2018 SSA<\/p>\n","protected":false},"featured_media":14552,"comment_status":"closed","ping_status":"closed","template":"","meta":[],"product_brand":[],"product_cat":[124,257,219,123,214,195],"product_tag":[],"class_list":{"0":"post-14562","1":"product","2":"type-product","3":"status-publish","4":"has-post-thumbnail","6":"product_cat-alginato","7":"product_cat-alginatos","8":"product_cat-impresiones","9":"product_cat-lascod","10":"product_cat-ortodoncia","11":"product_cat-prostodoncia","13":"first","14":"instock","15":"shipping-taxable","16":"product-type-simple"},"_links":{"self":[{"href":"https:\/\/pruebas.zeyco.com\/cr\/wp-json\/wp\/v2\/product\/14562","targetHints":{"allow":["GET"]}}],"collection":[{"href":"https:\/\/pruebas.zeyco.com\/cr\/wp-json\/wp\/v2\/product"}],"about":[{"href":"https:\/\/pruebas.zeyco.com\/cr\/wp-json\/wp\/v2\/types\/product"}],"replies":[{"embeddable":true,"href":"https:\/\/pruebas.zeyco.com\/cr\/wp-json\/wp\/v2\/comments?post=14562"}],"wp:featuredmedia":[{"embeddable":true,"href":"https:\/\/pruebas.zeyco.com\/cr\/wp-json\/wp\/v2\/media\/14552"}],"wp:attachment":[{"href":"https:\/\/pruebas.zeyco.com\/cr\/wp-json\/wp\/v2\/media?parent=14562"}],"wp:term":[{"taxonomy":"product_brand","embeddable":true,"href":"https:\/\/pruebas.zeyco.com\/cr\/wp-json\/wp\/v2\/product_brand?post=14562"},{"taxonomy":"product_cat","embeddable":true,"href":"https:\/\/pruebas.zeyco.com\/cr\/wp-json\/wp\/v2\/product_cat?post=14562"},{"taxonomy":"product_tag","embeddable":true,"href":"https:\/\/pruebas.zeyco.com\/cr\/wp-json\/wp\/v2\/product_tag?post=14562"}],"curies":[{"name":"wp","href":"https:\/\/api.w.org\/{rel}","templated":true}]}}